{"id":1731,"date":"2024-10-13T19:54:16","date_gmt":"2024-10-13T17:54:16","guid":{"rendered":"https:\/\/latorredelcodina.com\/aviso-legal\/"},"modified":"2024-11-07T18:19:38","modified_gmt":"2024-11-07T16:19:38","slug":"aviso-legal","status":"publish","type":"page","link":"https:\/\/latorredelcodina.com\/es\/aviso-legal\/","title":{"rendered":"Aviso Legal"},"content":{"rendered":"<p><b>GDPR:<\/b> \u201cEn virtud del cumplimiento de la normativa EMVCo, MasterCard, VISA y la Directiva Europea PSDII, durante la operaci\u00f3n de pago electr\u00f3nico comunicar\u00e1 informaci\u00f3n referida a la conexi\u00f3n utilizada en la sesi\u00f3n al Banco emisor de la tarjeta para proceder a la validaci\u00f3n de la operaci\u00f3n de pago realizado por el usuario\u201d.<\/p>\n\n<h2 class=\"wp-block-heading\">I. INFORMACI\u00d3N GENERAL<\/h2>\n\n<p>En cumplimiento con el deber de informaci\u00f3n dispuesto en la Ley 34\/2002 de Servicios de la Sociedad de la Informaci\u00f3n y el Comercio Electr\u00f3nico (LSSI-CE) de 11 de julio, se facilitan a continuaci\u00f3n los siguientes datos de informaci\u00f3n general del mismo sitio web :<\/p>\n\n<p>La titularidad de este sitio web, https:\/\/www.latorredelcodina.com\/, (en adelante, Sitio Web) la ostenta: JUSCARYAS SL., con NIF: B25307141, cuyos datos de contacto son:<\/p>\n\n<p><strong>Direcci\u00f3n:<\/strong> C\/ BALMES, 31 \u2013 25300 TARREGA<\/p>\n\n<p><strong>Tel\u00e9fono de contacto:<\/strong> 629770876<\/p>\n\n<p><strong>Email de contacto:<\/strong> info[@]latorredelcodina.com<\/p>\n\n<p>\u00a0<\/p>\n\n<h2 class=\"wp-block-heading\">II. T\u00c9RMINOS Y CONDICIONES GENERALES DE USO <\/h2>\n\n<p><strong>El objeto de las condiciones: El Sitio Web<\/strong><br\/> El objeto de estas Condiciones Generales de Uso (en adelante, Condiciones) es regular el acceso y la utilizaci\u00f3n del Sitio Web. A efectos de las presentes Condiciones se entender\u00e1 como Sitio Web: la apariencia externa de las interfaces de pantalla, tanto de forma est\u00e1tica como de forma din\u00e1mica, es decir, el \u00e1rbol de navegaci\u00f3n; y todos los elementos integrados tanto en las interfaces de pantalla como en el \u00e1rbol de navegaci\u00f3n (en adelante, Contenidos) y todos aquellos servicios o recursos online que en su caso ofrezca a los Usuarios (en adelante, Servicios). <\/p>\n\n<p>La Torre del Codina se reserva la facultad de modificar, en cualquier momento, y sin previo aviso, la presentaci\u00f3n y configuraci\u00f3n del Sitio Web y de los Contenidos y Servicios que pudieran estar incorporados. El Usuario reconoce y acepta que en cualquier momento La Torre del Codina pueda interrumpir, desactivar y\/o cancelar cualquiera de estos elementos que se integran en el Sitio Web o acceder a ellos. <\/p>\n\n<p>El acceso al Sitio Web por el Usuario tiene car\u00e1cter libre y, por regla general, es gratuito sin que el Usuario deba proporcionar una contraprestaci\u00f3n para poder disfrutarlo, salvo el coste de conexi\u00f3n a trav\u00e9s de la red de telecomunicaciones suministrada por el proveedor de acceso que haya contratado el usuario.<\/p>\n\n<p>La utilizaci\u00f3n de alguno de los contenidos o servicios del sitio web puede realizarse mediante la suscripci\u00f3n o registro previo del usuario.<\/p>\n\n<p>El Usuario<br\/> El acceso, navegaci\u00f3n y uso del Sitio Web, confiere la condici\u00f3n de Usuario, por lo que se aceptan, desde que se inicia la navegaci\u00f3n por el Sitio Web, todas las Condiciones aqu\u00ed establecidas, as\u00ed como las modificaciones ulteriores, sin perjuicio de la aplicaci\u00f3n de la correspondiente normativa legal de obligado cumplimiento seg\u00fan el caso. Dada la relevancia de lo anterior, se recomienda al Usuario leerlas cada vez que visite el Sitio Web. <\/p>\n\n<p>El sitio Web de Torre del Codina proporciona una gran diversidad de informaci\u00f3n, servicios y datos. El Usuario asume su responsabilidad por hacer un uso correcto del Sitio Web. Esta responsabilidad se extender\u00e1 a:  <\/p>\n\n<p>\u2022 Un uso de la informaci\u00f3n, contenidos y\/o servicios y datos ofrecidos por la Torre del Codina sin que sea contrario a lo dispuesto en estas Condiciones, la Ley, la moral o el orden p\u00fablico, o que de cualquier otra forma puedan suponer lesi\u00f3n de los derechos de terceros o del propio funcionamiento del Sitio Web.<br\/>\u2022 La veracidad y licitud de las informaciones aportadas por el Usuario a los formularios extendidos por la Torre del Codina para el acceso a ciertos contenidos o servicios ofrecidos por el Sitio Web. En cualquier caso, el Usuario notificar\u00e1 de forma inmediata a La Torre del Codina sobre cualquier hecho que permita el uso indebido de la informaci\u00f3n registrada en estos formularios, tales como, pero no s\u00f3lo, el robo, la p\u00e9rdida, o el acceso no autorizado a identificadores y\/o contrase\u00f1as, a fin de proceder a su cancelaci\u00f3n inmediata. <\/p>\n\n<p>El mero acceso a este Sitio Web no supone entablar ning\u00fan tipo de relaci\u00f3n de car\u00e1cter comercial entre La Torre del Codina y el Usuario.<\/p>\n\n<p>Siempre en el respeto de la legislaci\u00f3n vigente, este Sitio Web de La Torre del Codina se dirige a todas las personas, sin importar su edad, que puedan acceder y\/o navegar por las p\u00e1ginas del Sitio Web.<\/p>\n\n<p>\u00a0<\/p>\n\n<h2 class=\"wp-block-heading\">III. ACCESO Y NAVEGACI\u00d3N AL SITIO WEB: EXCLUSI\u00d3N DE GARANT\u00cdAS Y RESPONSABILIDAD <\/h2>\n\n<p>La Torre del Codina no garantiza la continuidad, disponibilidad y utilidad del Sitio Web, ni de los Contenidos o Servicios. La Torre del Codina har\u00e1 todo lo posible por el buen funcionamiento del Sitio Web, sin embargo, no se responsabiliza ni garantiza que el acceso a este Sitio Web no sea ininterrumpido o que est\u00e9 libre de error. <\/p>\n\n<p>Tampoco se responsabiliza o garantiza que el contenido o software al que se pueda acceder a trav\u00e9s de este Sitio Web, est\u00e9 libre de error o cause un da\u00f1o al sistema inform\u00e1tico (software y hardware) del Usuario. En ning\u00fan caso La Torre del Codina ser\u00e1 responsable por las p\u00e9rdidas, da\u00f1os o perjuicios de cualquier tipo que surjan por el acceso, navegaci\u00f3n y uso del Sitio Web, incluyendo, pero no limit\u00e1ndose, a los ocasionados en los sistemas inform\u00e1ticos o los provocados por la introducci\u00f3n de virus. <\/p>\n\n<p>La Torre del Codina tampoco se hace responsable de los da\u00f1os que pudieran ocasionarse a los usuarios por un uso inadecuado de este Sitio Web. En particular, no se hace responsable en modo alguno de las ca\u00eddas, interrupciones, falta o defecto de las telecomunicaciones que pudieran ocurrir. <\/p>\n\n<p>\u00a0<\/p>\n\n<h2 class=\"wp-block-heading\">IV. POL\u00cdTICA DE ENLACES <\/h2>\n\n<p>Se informa que el Sitio Web de La Torre del Codina pone o puede poner a disposici\u00f3n de los Usuarios medios de enlace (como, entre otros, links, banners, botones), directorios y motores de b\u00fasqueda que permiten a los Usuarios acceder a sitios web pertenecientes y\/o gestionados por terceros.<\/p>\n\n<p>La instalaci\u00f3n de estos enlaces, directorios y motores de b\u00fasqueda en el Sitio Web tiene por objeto facilitar a los Usuarios la b\u00fasqueda y acceso a la informaci\u00f3n disponible en Internet, sin que pueda considerarse una sugerencia, recomendaci\u00f3n o invitaci\u00f3n para visitarlos.<\/p>\n\n<p>La Torre del Codina no ofrece ni comercializa por s\u00ed mismo ni por medio de terceros los productos y\/o servicios disponibles en estos sitios enlazados.<\/p>\n\n<p>La Torre del Codina ofrece contenidos patrocinados, anuncios y\/o enlaces de afiliados. La informaci\u00f3n que aparece en estos enlaces de afiliados o los anuncios insertados son facilitados por los propios anunciantes, por lo que La Torre del Codina no se hace responsable de posibles inexactitudes o errores que pudieran contener los anuncios, ni garantiza en modo alguno el experiencia, integridad o responsabilidad de los anunciantes o la calidad de sus productos y\/o servicios. <\/p>\n\n<p>Asimismo, tampoco garantizar\u00e1 la disponibilidad t\u00e9cnica, exactitud, veracidad, validez o legalidad de sitios ajenos a su propiedad a la que se pueda acceder mediante los enlaces.<\/p>\n\n<p>La Torre del Codina en ning\u00fan caso revisar\u00e1 o controlar\u00e1 el contenido de otros sitios web, as\u00ed como tampoco aprueba, examina ni hace propios los productos y servicios, contenidos, archivos y cualquier otro material existente en los referidos sitios enlazados.<\/p>\n\n<p>La Torre del Codina no asume ninguna responsabilidad por los da\u00f1os y perjuicios que pudieran producirse por el acceso, uso, calidad o licitud de los contenidos, comunicaciones, opiniones, productos y servicios de los sitios web no gestionados por La Torre del Codina y que sean enlazados en este Sitio Web.<\/p>\n\n<p>El Usuario o tercero que haga un hiperenlace desde una p\u00e1gina web de otro, diferente, sitio web en el Sitio Web de La Torre del Codina deber\u00e1 saber que:<\/p>\n\n<p>No se permite la reproducci\u00f3n \u2014total o parcialmente\u2014 de ninguno de los contenidos y\/o servicios del sitio web sin autorizaci\u00f3n expresa de la Torre del Codina.<\/p>\n\n<p>Tampoco se permite ninguna manifestaci\u00f3n falsa, inexacta o incorrecta sobre el Sitio Web de la Torre del Codina, ni sobre sus Contenidos y\/o Servicios.<\/p>\n\n<p>A excepci\u00f3n del hiperenlace, el sitio web en el que se establezca este hiperenlace no contendr\u00e1 ning\u00fan elemento, de este Sitio Web, protegido como propiedad intelectual por el ordenamiento jur\u00eddico espa\u00f1ol, salvo autorizaci\u00f3n expresa de La Torre del Codina.<\/p>\n\n<p>El establecimiento del hiperv\u00ednculo no implicar\u00e1 la existencia de relaciones entre La Torre del Codina y el titular del sitio web desde el que se realice, ni el conocimiento y la aceptaci\u00f3n de la Torre del Codina de los contenidos, servicios y\/o actividades ofrecidas en este sitio web, y viceversa.<\/p>\n\n<p>\u00a0<\/p>\n\n<h2 class=\"wp-block-heading\">V. PROPIEDAD INTELECTUAL E INDUSTRIAL<\/h2>\n\n<p>La Torre del Codina por s\u00ed o como parte cesionaria, es titular de todos los derechos de propiedad intelectual e industrial del Sitio Web, as\u00ed como de los elementos contenidos en \u00e9ste (a t\u00edtulo enunciativo y no exhaustivo, im\u00e1genes, sonido, audio, v\u00eddeo, software o textos, marcas o logotipos, combinaciones de colores, estructura y dise\u00f1o, selecci\u00f3n de materiales usados, programas de ordenador necesarios para su funcionamiento, acceso y uso, etc.). Ser\u00e1n, por tanto, obras protegidas como propiedad intelectual por el ordenamiento jur\u00eddico espa\u00f1ol, y les ser\u00e1n de aplicaci\u00f3n tanto la normativa espa\u00f1ola y comunitaria en este campo, como los tratados internacionales relativos a la materia y suscritos por Espa\u00f1a. <\/p>\n\n<p>Todos los derechos reservados. En virtud de lo dispuesto en la Ley de propiedad intelectual, quedan expresamente prohibidas la reproducci\u00f3n, distribuci\u00f3n y comunicaci\u00f3n p\u00fablica, incluida su modalidad de puesta a disposici\u00f3n, de la totalidad o parte de los contenidos de esta p\u00e1gina web, con fines comerciales, en cualquier soporte y por cualquier medio t\u00e9cnico, sin la autorizaci\u00f3n de la Torre del Codina. <\/p>\n\n<p>El Usuario se compromete a respetar los derechos de propiedad intelectual e industrial de La Torre del Codina. Podr\u00e1 visualizar los elementos del Sitio Web o incluso imprimirlos, copiarlos y almacenarlos en el disco duro de su ordenador o en cualquier otro soporte f\u00edsico siempre que sea, exclusivamente, para su uso personal. Sin embargo, el Usuario no podr\u00e1 suprimir, alterar, o manipular cualquier dispositivo de protecci\u00f3n o sistema de seguridad que estuviera instalado en el Sitio Web.  <\/p>\n\n<p>En caso de que el Usuario o tercero considere que cualquiera de los Contenidos del Sitio Web suponga una violaci\u00f3n de los derechos de protecci\u00f3n de la propiedad intelectual, deber\u00e1 comunicarlo inmediatamente a La Torre del Codina a trav\u00e9s de los datos de contacto del apartado de INFORMACI\u00d3N GENERAL de este Aviso Legal y Condiciones Generales de uso.<\/p>\n\n<p>\u00a0<\/p>\n\n<h2 class=\"wp-block-heading\">VI. ACCIONES LEGALES, LEGISLACI\u00d3N APLICABLE Y JURISDICCI\u00d3N <\/h2>\n\n<p>La Torre del Codina se reserva la facultad de presentar las acciones civiles o penales que considere necesarias por la utilizaci\u00f3n indebida del Sitio Web y Contenidos, o por el incumplimiento de las presentes Condiciones.<\/p>\n\n<p>La relaci\u00f3n entre el Usuario y la Torre del Codina se regir\u00e1 por la normativa vigente y aplicable al territorio espa\u00f1ol. Si surge cualquier controversia en relaci\u00f3n con la interpretaci\u00f3n y\/o aplicaci\u00f3n de estas Condiciones, las partes someter\u00e1n sus conflictos a la jurisdicci\u00f3n ordinaria someti\u00e9ndose a los jueces y tribunales que correspondan de acuerdo con el derecho. <\/p>\n","protected":false},"excerpt":{"rendered":"<p>Aviso Legal.<\/p>\n","protected":false},"author":3,"featured_media":0,"parent":0,"menu_order":0,"comment_status":"closed","ping_status":"closed","template":"","meta":{"_acf_changed":false,"footnotes":""},"class_list":["post-1731","page","type-page","status-publish","hentry"],"acf":[],"_links":{"self":[{"href":"https:\/\/latorredelcodina.com\/es\/wp-json\/wp\/v2\/pages\/1731","targetHints":{"allow":["GET"]}}],"collection":[{"href":"https:\/\/latorredelcodina.com\/es\/wp-json\/wp\/v2\/pages"}],"about":[{"href":"https:\/\/latorredelcodina.com\/es\/wp-json\/wp\/v2\/types\/page"}],"author":[{"embeddable":true,"href":"https:\/\/latorredelcodina.com\/es\/wp-json\/wp\/v2\/users\/3"}],"replies":[{"embeddable":true,"href":"https:\/\/latorredelcodina.com\/es\/wp-json\/wp\/v2\/comments?post=1731"}],"version-history":[{"count":1,"href":"https:\/\/latorredelcodina.com\/es\/wp-json\/wp\/v2\/pages\/1731\/revisions"}],"predecessor-version":[{"id":1732,"href":"https:\/\/latorredelcodina.com\/es\/wp-json\/wp\/v2\/pages\/1731\/revisions\/1732"}],"wp:attachment":[{"href":"https:\/\/latorredelcodina.com\/es\/wp-json\/wp\/v2\/media?parent=1731"}],"curies":[{"name":"wp","href":"https:\/\/api.w.org\/{rel}","templated":true}]}}