{"id":1733,"date":"2024-10-13T19:53:32","date_gmt":"2024-10-13T17:53:32","guid":{"rendered":"https:\/\/latorredelcodina.com\/terminos-y-condiciones\/"},"modified":"2024-11-10T20:35:06","modified_gmt":"2024-11-10T18:35:06","slug":"terminos-y-condiciones","status":"publish","type":"page","link":"https:\/\/latorredelcodina.com\/es\/terminos-y-condiciones\/","title":{"rendered":"T\u00e9rminos y condiciones"},"content":{"rendered":"<h2>PROCEDIMIENTO DE RESERVA<\/h2>\n<p>Para formalizar la reserva de la casa es necesario realizar una paga y se\u00f1al del 30% del importe, el resto del pago se realizar\u00e1 por transferencia o al llegar a la casa. El alojamiento ser\u00e1 ocupado exclusivamente por el n\u00famero de personas reservadas.<\/p>\n<h2>TASA TUR\u00cdSTICA<\/h2>\n<p>Debido a la normativa que regula los establecimientos tur\u00edsticos (Ley 5\/2012, de 20 de marzo, de medidas fiscales, financieras y administrativas y de creaci\u00f3n del impuesto sobre las estancias en establecimientos tur\u00edsticos), se aplicar\u00e1 el impuesto sobre las estancias en establecimientos tur\u00edsticos adicional a la tarifa, lo que significa que se a\u00f1adir\u00e1 a \u00e9sta 0,60 \u20ac\/pax\/noche + 10% iva<\/p>\n<h2>CONDICIONES DE CONTRATACI\u00d3N<\/h2>\n<ul>\n<li>Este alojamiento se alquila en su totalidad (la casa entera).<\/li>\n<li>Se considera temporada especial, Semana Santa, San Juan, Feria del Teatro, Navidad y Fin de a\u00f1o. El resto del a\u00f1o se considera temporada normal. <\/li>\n<li>Durante los meses de julio y agosto se priorizar\u00e1n las estancias de una semana. Los fines de semana la estad\u00eda m\u00ednima es de dos noches. Entre semana no festivo, puede ser de una noche s\u00f3lo de martes a jueves.  <\/li>\n<li>Se dispone de cuna sin coste adicional por menores de dos a\u00f1os.<\/li>\n<li>Se acepta un animal de compa\u00f1\u00eda (se debe comunicar antes de hacer la reserva).<\/li>\n<li>La piscina funciona durante la temporada estival. Se informa que durante la temporada de verano deberemos acceder a la zona de la piscina para realizar el mantenimiento de la misma. Se comunicar\u00e1 previamente a los clientes.  <\/li>\n<li>El cliente acepta que frente a circunstancias imprevistas, la atenci\u00f3n por parte de la propiedad podr\u00eda no ser inmediata. Por eso, se informa al cliente que siempre se intentar\u00e1 dar una respuesta lo m\u00e1s r\u00e1pido posible ante cualquier circunstancia imprevista. <\/li>\n<li>El propietario no se hace responsable de los objetos perdidos u olvidados en la casa. Sin embargo, si los encuentra, informar\u00e1 a los clientes. <\/li>\n<li>El cliente deber\u00e1 acreditar tanto su identidad como la de sus acompa\u00f1antes, con DNI, Pasaporte o documentaci\u00f3n equivalente, firmando los documentos necesarios para el registro. Las personas que se alojan en los establecimientos de hospedaje ubicados en Catalu\u00f1a deben registrarse obligatoriamente. (Art\u00edculo 2 de la Orden IRP \/ 418\/2010, de 5 de agosto, sobre la obligaci\u00f3n de registro y comunicaci\u00f3n a la Direcci\u00f3n General de la Polic\u00eda de las personas que se alojan en los establecimientos de hospedaje ubicados en Catalu\u00f1a) .  <\/li>\n<\/ul>\n<h2>INSTRUCCIONES GENERALES:<\/h2>\n<ul>\n<li>La casa de Torre del Codina es una casa rural delicada y sostenible que funciona con bater\u00edas que acumulan la energ\u00eda del sol y del viento.<\/li>\n<li>La disponibilidad de energ\u00eda el\u00e9ctrica es limitada al no estar conectada a la red el\u00e9ctrica.<\/li>\n<li>Es necesario apagar las luces que no se utilicen y minimizar el consumo el\u00e9ctrico, sobre todo por la noche cuando no hace sol.<\/li>\n<li>Los pavimentos del patio exterior son de piedra natural y debe vigilarse a no mancharlo con aceite o grasas.<\/li>\n<li>No se pueden utilizar amplificadores de m\u00fasica potentes porque estamos en un espacio natural protegido y ser\u00eda necesaria una autorizaci\u00f3n expresa de Medio Natural.<\/li>\n<li>Est\u00e1 prohibido echar purpurinas, confeti o micropl\u00e1sticos que son productos altamente contaminantes.<\/li>\n<li>Recomendamos que se utilicen los productos de limpieza biol\u00f3gicos que tiene a su disposici\u00f3n, ba\u00f1o y cocina, para evitar la contaminaci\u00f3n de las aguas residuales.<\/li>\n<li>No hay que dejarse ning\u00fan grifo abierto y ahorrar su consumo.<\/li>\n<li>S\u00f3lo est\u00e1 permitido fumar en la zona del patio interior de la casa con cenicero.<\/li>\n<\/ul>\n<h2>HORARIOS DE ENTRADA Y SALIDA<\/h2>\n<p><strong>Para reservas de fin de semana:<\/strong><\/p>\n<ul>\n<li>Entrada: Viernes por la tarde (hora a convenir)<\/li>\n<li>Salida: Domingo antes de las 18:00h (otras opciones a convenir)<\/li>\n<\/ul>\n<p><strong>Por reserva de semana entera:<\/strong><\/p>\n<ul>\n<li>Entrada: Lunes a mediod\u00eda a partir de las 13:00 h<\/li>\n<li>Salida: Domingo antes de las 13:00 h<\/li>\n<\/ul>\n<p>Otros horarios a convenir.<\/p>\n","protected":false},"excerpt":{"rendered":"<p>Procedimiento de reserva. Condiciones de contrataci\u00f3n. Instrucciones generales. Horarios de entrada y salida.   <\/p>\n","protected":false},"author":3,"featured_media":0,"parent":0,"menu_order":0,"comment_status":"closed","ping_status":"closed","template":"","meta":{"_acf_changed":false,"footnotes":""},"class_list":["post-1733","page","type-page","status-publish","hentry"],"acf":[],"_links":{"self":[{"href":"https:\/\/latorredelcodina.com\/es\/wp-json\/wp\/v2\/pages\/1733","targetHints":{"allow":["GET"]}}],"collection":[{"href":"https:\/\/latorredelcodina.com\/es\/wp-json\/wp\/v2\/pages"}],"about":[{"href":"https:\/\/latorredelcodina.com\/es\/wp-json\/wp\/v2\/types\/page"}],"author":[{"embeddable":true,"href":"https:\/\/latorredelcodina.com\/es\/wp-json\/wp\/v2\/users\/3"}],"replies":[{"embeddable":true,"href":"https:\/\/latorredelcodina.com\/es\/wp-json\/wp\/v2\/comments?post=1733"}],"version-history":[{"count":1,"href":"https:\/\/latorredelcodina.com\/es\/wp-json\/wp\/v2\/pages\/1733\/revisions"}],"predecessor-version":[{"id":1913,"href":"https:\/\/latorredelcodina.com\/es\/wp-json\/wp\/v2\/pages\/1733\/revisions\/1913"}],"wp:attachment":[{"href":"https:\/\/latorredelcodina.com\/es\/wp-json\/wp\/v2\/media?parent=1733"}],"curies":[{"name":"wp","href":"https:\/\/api.w.org\/{rel}","templated":true}]}}