{"id":1736,"date":"2024-10-13T19:54:03","date_gmt":"2024-10-13T17:54:03","guid":{"rendered":"https:\/\/latorredelcodina.com\/politicas-de-cookies\/"},"modified":"2024-10-13T19:54:03","modified_gmt":"2024-10-13T17:54:03","slug":"politicas-de-cookies","status":"publish","type":"page","link":"https:\/\/latorredelcodina.com\/es\/politicas-de-cookies\/","title":{"rendered":"Pol\u00edticas de cookies"},"content":{"rendered":"<p>El acceso a este Sitio Web puede implicar la utilizaci\u00f3n de cookies. Las cookies son peque\u00f1as cantidades de informaci\u00f3n que se almacenan en el navegador utilizado por cada Usuario \u2014en los distintos dispositivos que pueda utilizar para navegar\u2014 para que el servidor recuerde cierta informaci\u00f3n que posteriormente y \u00fanicamente el servidor que la implement\u00f3 leer\u00e1. Las cookies facilitan la navegaci\u00f3n, la hacen m\u00e1s amigable, y no da\u00f1an el dispositivo de navegaci\u00f3n.  <\/p>\n<p>Las cookies son procedimientos autom\u00e1ticos de recogida de informaci\u00f3n relativa a las preferencias determinadas por el Usuario durante la visita al Sitio Web para reconocerlo como Usuario, y personalizar su experiencia y uso del Sitio Web, as\u00ed como pueden, por ejemplo, ayudar a identificar y resolver errores.<\/p>\n<p>La informaci\u00f3n recogida a trav\u00e9s de las cookies puede incluir la fecha y hora de visitas al Sitio Web, las p\u00e1ginas visionadas, el tiempo que ha permanecido en el Sitio Web y los sitios visitados justo antes y despu\u00e9s. Sin embargo, ninguna cookie permite que esta misma pueda contactar con el n\u00famero de tel\u00e9fono del Usuario o con cualquier otro medio de contacto personal. Ninguna cookie puede extraer informaci\u00f3n del disco duro del Usuario o robar informaci\u00f3n personal. La \u00fanica forma de que la informaci\u00f3n privada del Usuario forme parte del archivo Cookie es que el usuario d\u00e9 personalmente esta informaci\u00f3n al servidor.   <\/p>\n<p>Las cookies que permiten identificar a una persona se consideran datos personales. Por tanto, a las mismas les ser\u00e1 de aplicaci\u00f3n la Pol\u00edtica de Privacidad anteriormente descrita. En este sentido, para su utilizaci\u00f3n ser\u00e1 necesario el consentimiento del Usuario. Este consentimiento ser\u00e1 comunicado, en base a una elecci\u00f3n aut\u00e9ntica, ofrecido mediante decisi\u00f3n afirmativa y positiva, antes del tratamiento inicial, removible y documentado.   <\/p>\n<p>&nbsp;<\/p>\n<h2>Cookies propias<\/h2>\n<p>Son aquellas galletas que son enviadas al ordenador o dispositivo del Usuario y gestionadas exclusivamente por La Torre del Codina | Casa rural ecol\u00f3gica y autosostenible independiente para el mejor funcionamiento del Sitio Web. La informaci\u00f3n que se recoge se utiliza para mejorar la calidad del Sitio Web y su Contenido y su experiencia como Usuario. Estas cookies permiten reconocer al Usuario como visitante recurrente del Sitio Web y adaptar el contenido para ofrecer contenidos que se ajusten a sus preferencias.  <\/p>\n<p>&nbsp;<\/p>\n<h2>Cookies de terceros<\/h2>\n<p>Son galletas utilizadas y gestionadas por entidades externas que proporcionan a La Torre del Codina | Casa rural ecol\u00f3gica y autosostenible independiente servicios solicitados por \u00e9ste mismo para mejorar el Sitio Web y la experiencia del usuario al navegar en el Sitio Web. Los objetivos principales para los que se utilizan cookies de terceros son la obtenci\u00f3n de estad\u00edsticas de accesos y analizar la informaci\u00f3n de la navegaci\u00f3n, es decir, c\u00f3mo interact\u00faa el Usuario con el Sitio Web.<br \/> La informaci\u00f3n que se obtiene se refiere, por ejemplo, al n\u00famero de p\u00e1ginas visitadas, el idioma, el lugar al que la direcci\u00f3n IP desde el que accede el Usuario, el n\u00famero de Usuarios que acceden, la frecuencia y la reincidencia de las visitas, el tiempo de visita, el navegador que usan, el operador o tipo de dispositivo desde el que se realiza la visita. Esta informaci\u00f3n se utiliza para mejorar el Sitio Web, y detectar nuevas necesidades para ofrecer a los Usuarios un Contenido y\/o servicio de \u00f3ptima calidad. En cualquier caso, la informaci\u00f3n se recopila de forma an\u00f3nima y se elaboran informes de tendencias del Sitio Web sin identificar usuarios individuales.   <\/p>\n<p>Puede obtener m\u00e1s informaci\u00f3n sobre las cookies, la informaci\u00f3n sobre la privacidad, o consultar la descripci\u00f3n del tipo de cookies que se utiliza, sus principales caracter\u00edsticas, per\u00edodo de expiraci\u00f3n, etc. en el siguiente(s) enlace(s):<\/p>\n<p>Google Analytics<\/p>\n<p>La entidad(s) encargada(s) del suministro de cookies podr\u00e1(n) ceder esta informaci\u00f3n a terceros, siempre que lo exija la ley o sea un tercero el que procese esta informaci\u00f3n para estas entidades.<\/p>\n<p>&nbsp;<\/p>\n<h2>Deshabilitar, rechazar y eliminar cookies<\/h2>\n<p>El Usuario puede deshabilitar, rechazar y eliminar las cookies \u2014total o parcialmente\u2014 instaladas en el dispositivo mediante la configuraci\u00f3n de su navegador (entre los que se encuentran, por ejemplo, Chrome, Firefox, Safari, Explorer). En este sentido, los procedimientos para desechar y eliminar las cookies pueden diferir de un navegador de Internet a otro. En consecuencia, el Usuario debe acudir a las instrucciones facilitadas por el navegador de Internet que utilice. En caso de que rechace el uso de cookies -total o parcialmente- podr\u00e1 continuar usando el Sitio Web, si bien podr\u00e1 tener limitada la utilizaci\u00f3n de algunas de las prestaciones del mismo.   <\/p>\n","protected":false},"excerpt":{"rendered":"<p>Pol\u00edtica de cookies.<\/p>\n","protected":false},"author":3,"featured_media":0,"parent":0,"menu_order":0,"comment_status":"closed","ping_status":"closed","template":"","meta":{"_acf_changed":false,"footnotes":""},"class_list":["post-1736","page","type-page","status-publish","hentry"],"acf":[],"_links":{"self":[{"href":"https:\/\/latorredelcodina.com\/es\/wp-json\/wp\/v2\/pages\/1736","targetHints":{"allow":["GET"]}}],"collection":[{"href":"https:\/\/latorredelcodina.com\/es\/wp-json\/wp\/v2\/pages"}],"about":[{"href":"https:\/\/latorredelcodina.com\/es\/wp-json\/wp\/v2\/types\/page"}],"author":[{"embeddable":true,"href":"https:\/\/latorredelcodina.com\/es\/wp-json\/wp\/v2\/users\/3"}],"replies":[{"embeddable":true,"href":"https:\/\/latorredelcodina.com\/es\/wp-json\/wp\/v2\/comments?post=1736"}],"version-history":[{"count":0,"href":"https:\/\/latorredelcodina.com\/es\/wp-json\/wp\/v2\/pages\/1736\/revisions"}],"wp:attachment":[{"href":"https:\/\/latorredelcodina.com\/es\/wp-json\/wp\/v2\/media?parent=1736"}],"curies":[{"name":"wp","href":"https:\/\/api.w.org\/{rel}","templated":true}]}}