{"id":1739,"date":"2024-10-13T19:46:18","date_gmt":"2024-10-13T17:46:18","guid":{"rendered":"https:\/\/latorredelcodina.com\/arquitectura-rural\/"},"modified":"2024-10-13T19:46:18","modified_gmt":"2024-10-13T17:46:18","slug":"arquitectura-rural","status":"publish","type":"page","link":"https:\/\/latorredelcodina.com\/es\/arquitectura-rural\/","title":{"rendered":"Arquitectura rural"},"content":{"rendered":"<p>En el proceso de <strong>rehabilitaci\u00f3n<\/strong> , se ha sido muy cuidadoso al conservar <strong>la esencia y el lenguaje de la arquitectura rural<\/strong> del pa\u00eds, hecha con mamposter\u00eda de piedra calarense. La singularidad de la construcci\u00f3n se ve reforzada al disponer adem\u00e1s de la casa, de un horno de pan de grandes dimensiones, dos lagares de vino con cairons y losas de barro, dos bodegas, una cisterna de piedra, una cuadra, los almacenes y el corral del patio con las arcadas de piedra. El entorno rural de los t\u00e9rminos del Talladell, Verd\u00fa, Granyena y Granyanella disponen de un patrimonio arquitect\u00f3nico rural, rico y desconocido de una <strong>gran val\u00eda patrimonial<\/strong> . Perderse por los caminos de los t\u00e9rminos, nos permite descubrir verdaderas joyas de la arquitectura popular.<\/p>\n<p><iframe loading=\"lazy\" title=\"YouTube video player\" src=\"https:\/\/www.youtube.com\/embed\/rZfQgvFta0k?si=JHkoldGclGd72S9y\" width=\"560\" height=\"315\" frameborder=\"0\" allowfullscreen=\"allowfullscreen\"><\/iframe><\/p>\n","protected":false},"excerpt":{"rendered":"<p>La Torre del Codina est\u00e1 catalogada como bien patrimonial de inter\u00e9s local, por lo que est\u00e1 protegida de la normativa urban\u00edstica.<\/p>\n","protected":false},"author":3,"featured_media":1448,"parent":0,"menu_order":0,"comment_status":"closed","ping_status":"closed","template":"","meta":{"_acf_changed":false,"footnotes":""},"class_list":["post-1739","page","type-page","status-publish","has-post-thumbnail","hentry"],"acf":[],"_links":{"self":[{"href":"https:\/\/latorredelcodina.com\/es\/wp-json\/wp\/v2\/pages\/1739","targetHints":{"allow":["GET"]}}],"collection":[{"href":"https:\/\/latorredelcodina.com\/es\/wp-json\/wp\/v2\/pages"}],"about":[{"href":"https:\/\/latorredelcodina.com\/es\/wp-json\/wp\/v2\/types\/page"}],"author":[{"embeddable":true,"href":"https:\/\/latorredelcodina.com\/es\/wp-json\/wp\/v2\/users\/3"}],"replies":[{"embeddable":true,"href":"https:\/\/latorredelcodina.com\/es\/wp-json\/wp\/v2\/comments?post=1739"}],"version-history":[{"count":0,"href":"https:\/\/latorredelcodina.com\/es\/wp-json\/wp\/v2\/pages\/1739\/revisions"}],"wp:featuredmedia":[{"embeddable":true,"href":"https:\/\/latorredelcodina.com\/es\/wp-json\/wp\/v2\/media\/1448"}],"wp:attachment":[{"href":"https:\/\/latorredelcodina.com\/es\/wp-json\/wp\/v2\/media?parent=1739"}],"curies":[{"name":"wp","href":"https:\/\/api.w.org\/{rel}","templated":true}]}}