{"id":1740,"date":"2024-10-13T19:44:25","date_gmt":"2024-10-13T17:44:25","guid":{"rendered":"https:\/\/latorredelcodina.com\/centro-de-interpretacion-de-energias-alternativas\/"},"modified":"2024-10-13T19:44:25","modified_gmt":"2024-10-13T17:44:25","slug":"centro-de-interpretacion-de-energias-alternativas","status":"publish","type":"page","link":"https:\/\/latorredelcodina.com\/es\/centro-de-interpretacion-de-energias-alternativas\/","title":{"rendered":"Centro de interpretaci\u00f3n de energ\u00edas alternativas"},"content":{"rendered":"<p>Buena parte de la energ\u00eda que consume, se genera mediante <strong>energ\u00edas renovables<\/strong> (e\u00f3lica, fotovoltaica y t\u00e9rmica). Buena parte del agua de uso sanitario, proviene del agua de lluvia que se recoge en la gran cisterna de piedra. La calefacci\u00f3n y el agua caliente utilizan la energ\u00eda de las <strong>placas solares t\u00e9rmicas<\/strong> y de la <strong>caldera de biomasa.<\/strong> A pesar de las limitaciones en el consumo el\u00e9ctrico que tiene la casa, es un placer poder disfrutar de una casa muy cercana a las <a href=\"https:\/\/www.un.org\/en\/climatechange\/net-zero-coalition\" target=\"_blank\" rel=\"noopener\">cero emisiones.<\/a> Puede solicitar una <strong>visita guiada<\/strong> por las instalaciones. Jaume os atender\u00e1 con mucho gusto!<\/p>\n<p><iframe loading=\"lazy\" title=\"YouTube video player\" src=\"https:\/\/www.youtube.com\/embed\/CxtCWsWKdzQ?si=Rjynzz9MkZpDdEjs\" width=\"560\" height=\"315\" frameborder=\"0\" allowfullscreen=\"allowfullscreen\"><\/iframe><\/p>\n","protected":false},"excerpt":{"rendered":"<p>Uno de los elementos que caracteriza a la Torre del Codina es su total independencia energ\u00e9tica.<\/p>\n","protected":false},"author":3,"featured_media":1406,"parent":0,"menu_order":0,"comment_status":"closed","ping_status":"closed","template":"","meta":{"_acf_changed":false,"footnotes":""},"class_list":["post-1740","page","type-page","status-publish","has-post-thumbnail","hentry"],"acf":[],"_links":{"self":[{"href":"https:\/\/latorredelcodina.com\/es\/wp-json\/wp\/v2\/pages\/1740","targetHints":{"allow":["GET"]}}],"collection":[{"href":"https:\/\/latorredelcodina.com\/es\/wp-json\/wp\/v2\/pages"}],"about":[{"href":"https:\/\/latorredelcodina.com\/es\/wp-json\/wp\/v2\/types\/page"}],"author":[{"embeddable":true,"href":"https:\/\/latorredelcodina.com\/es\/wp-json\/wp\/v2\/users\/3"}],"replies":[{"embeddable":true,"href":"https:\/\/latorredelcodina.com\/es\/wp-json\/wp\/v2\/comments?post=1740"}],"version-history":[{"count":0,"href":"https:\/\/latorredelcodina.com\/es\/wp-json\/wp\/v2\/pages\/1740\/revisions"}],"wp:featuredmedia":[{"embeddable":true,"href":"https:\/\/latorredelcodina.com\/es\/wp-json\/wp\/v2\/media\/1406"}],"wp:attachment":[{"href":"https:\/\/latorredelcodina.com\/es\/wp-json\/wp\/v2\/media?parent=1740"}],"curies":[{"name":"wp","href":"https:\/\/api.w.org\/{rel}","templated":true}]}}