{"id":1741,"date":"2024-10-13T19:45:03","date_gmt":"2024-10-13T17:45:03","guid":{"rendered":"https:\/\/latorredelcodina.com\/centro-de-interpretacion-de-la-vida-rural\/"},"modified":"2024-10-13T19:45:03","modified_gmt":"2024-10-13T17:45:03","slug":"centro-de-interpretacion-de-la-vida-rural","status":"publish","type":"page","link":"https:\/\/latorredelcodina.com\/es\/centro-de-interpretacion-de-la-vida-rural\/","title":{"rendered":"Centro de interpretaci\u00f3n de la vida rural"},"content":{"rendered":"<p>La casa dispone de una <strong>cisterna<\/strong> que recoge el agua de la lluvia, de la bodega para guardar el vino, la cuadra donde se guardaban los animales de carga, el corral del ganado y del reba\u00f1o, los lagares y almazaras de vino y de grano, el horno del pan, el fregadero para guardar el aceite. La cuadra conserva los comederos de piedra picada; los lagares mantienen su estructura original y en la cisterna podemos contemplar los montantes del pozo para subir el agua. El conjunto de espacios y edificaciones de la Torre del Codina tiene una clara funcionalidad productiva y defensiva. Closa por los cuatro lados, era un edificio f\u00e1cil de proteger. Su situaci\u00f3n privilegiada y visible desde varios lugares le permite disponer de contacto visual con otros lugares habitados del entorno. Actualmente todos los cultivos de la finca son de <a href=\"http:\/\/www.ccpae.org\/\" target=\"_blank\" rel=\"noopener\">Producci\u00f3n Agraria Ecol\u00f3gica Certificada.<\/a> <\/p>\n<p><iframe loading=\"lazy\" title=\"YouTube video player\" src=\"https:\/\/www.youtube.com\/embed\/rZfQgvFta0k?si=rlUmA9eNFcXwGozI\" width=\"560\" height=\"315\" frameborder=\"0\" allowfullscreen=\"allowfullscreen\"><\/iframe><\/p>\n","protected":false},"excerpt":{"rendered":"<p>El espacio nos ayuda a interpretar c\u00f3mo se viv\u00eda m\u00e1s de cien a\u00f1os atr\u00e1s.<\/p>\n","protected":false},"author":3,"featured_media":1433,"parent":0,"menu_order":0,"comment_status":"closed","ping_status":"closed","template":"","meta":{"_acf_changed":false,"footnotes":""},"class_list":["post-1741","page","type-page","status-publish","has-post-thumbnail","hentry"],"acf":[],"_links":{"self":[{"href":"https:\/\/latorredelcodina.com\/es\/wp-json\/wp\/v2\/pages\/1741","targetHints":{"allow":["GET"]}}],"collection":[{"href":"https:\/\/latorredelcodina.com\/es\/wp-json\/wp\/v2\/pages"}],"about":[{"href":"https:\/\/latorredelcodina.com\/es\/wp-json\/wp\/v2\/types\/page"}],"author":[{"embeddable":true,"href":"https:\/\/latorredelcodina.com\/es\/wp-json\/wp\/v2\/users\/3"}],"replies":[{"embeddable":true,"href":"https:\/\/latorredelcodina.com\/es\/wp-json\/wp\/v2\/comments?post=1741"}],"version-history":[{"count":0,"href":"https:\/\/latorredelcodina.com\/es\/wp-json\/wp\/v2\/pages\/1741\/revisions"}],"wp:featuredmedia":[{"embeddable":true,"href":"https:\/\/latorredelcodina.com\/es\/wp-json\/wp\/v2\/media\/1433"}],"wp:attachment":[{"href":"https:\/\/latorredelcodina.com\/es\/wp-json\/wp\/v2\/media?parent=1741"}],"curies":[{"name":"wp","href":"https:\/\/api.w.org\/{rel}","templated":true}]}}