{"id":1742,"date":"2024-10-13T19:43:51","date_gmt":"2024-10-13T17:43:51","guid":{"rendered":"https:\/\/latorredelcodina.com\/historia\/"},"modified":"2024-10-13T19:43:51","modified_gmt":"2024-10-13T17:43:51","slug":"historia","status":"publish","type":"page","link":"https:\/\/latorredelcodina.com\/es\/historia\/","title":{"rendered":"Historia"},"content":{"rendered":"<p>En ella se alojaban de forma habitual los medianeros, dispon\u00eda de alcobas para los arrieros y espor\u00e1dicamente se alojaban los propietarios. Tambi\u00e9n se cobijaban en tiempos de siega y de vendimia, decenas de segadores y vendimiadores. El edificio se ha reformado a lo largo del tiempo. La \u00faltima \u2013antes de convertirse en alojamiento rural\u2013 data de <strong>finales del siglo XIX<\/strong> , tal y como queda reflejado en la puerta de entrada, que ahora se encuentra en el vest\u00edbulo, con la inscripci\u00f3n <strong>\u201cDJ CODINA 1891\u201d.<\/strong> En el dintel de piedra de la entrada hay otra fecha importante, el <strong>7 de octubre de 1753<\/strong> , que es la festividad de la <strong>Virgen de Rosario<\/strong> . La parroquia de San Pedro del Talladell tiene una capilla dedicada a esta virgen, y ese domingo del siglo XVIII se bendijo la restauraci\u00f3n de la torre. Los documentos de la parroquia del Talladell mencionan el lugar <strong>en 1708 como Torre de Reixachs<\/strong> , y en 1738 ya como Torre del Codina. La Torre estuvo habitada hasta la gran nevada de febrero de 1944. La Torre del Codina, rehabilitada a partir del a\u00f1o 2007, tiene, en cada rinc\u00f3n de la casa, piedras que hablan de una larga historia. <\/p>\n<p>&nbsp;<\/p>\n<p><iframe loading=\"lazy\" title=\"YouTube video player\" src=\"https:\/\/www.youtube.com\/embed\/rZfQgvFta0k?si=10MlnIJ7ZMSRRbGy\" width=\"560\" height=\"315\" frameborder=\"0\" allowfullscreen=\"allowfullscreen\"><\/iframe><\/p>\n","protected":false},"excerpt":{"rendered":"<p>La Torre del Codina es una edificaci\u00f3n del siglo XVII, que fue edificada por ser un hostal de arrieros, y al mismo tiempo ser una explotaci\u00f3n agr\u00edcola y ganadera.<\/p>\n","protected":false},"author":3,"featured_media":1343,"parent":0,"menu_order":0,"comment_status":"closed","ping_status":"closed","template":"","meta":{"_acf_changed":false,"footnotes":""},"class_list":["post-1742","page","type-page","status-publish","has-post-thumbnail","hentry"],"acf":[],"_links":{"self":[{"href":"https:\/\/latorredelcodina.com\/es\/wp-json\/wp\/v2\/pages\/1742","targetHints":{"allow":["GET"]}}],"collection":[{"href":"https:\/\/latorredelcodina.com\/es\/wp-json\/wp\/v2\/pages"}],"about":[{"href":"https:\/\/latorredelcodina.com\/es\/wp-json\/wp\/v2\/types\/page"}],"author":[{"embeddable":true,"href":"https:\/\/latorredelcodina.com\/es\/wp-json\/wp\/v2\/users\/3"}],"replies":[{"embeddable":true,"href":"https:\/\/latorredelcodina.com\/es\/wp-json\/wp\/v2\/comments?post=1742"}],"version-history":[{"count":0,"href":"https:\/\/latorredelcodina.com\/es\/wp-json\/wp\/v2\/pages\/1742\/revisions"}],"wp:featuredmedia":[{"embeddable":true,"href":"https:\/\/latorredelcodina.com\/es\/wp-json\/wp\/v2\/media\/1343"}],"wp:attachment":[{"href":"https:\/\/latorredelcodina.com\/es\/wp-json\/wp\/v2\/media?parent=1742"}],"curies":[{"name":"wp","href":"https:\/\/api.w.org\/{rel}","templated":true}]}}