{"id":1743,"date":"2024-10-13T19:46:38","date_gmt":"2024-10-13T17:46:38","guid":{"rendered":"https:\/\/latorredelcodina.com\/proyecto-osmia\/"},"modified":"2024-10-13T19:46:38","modified_gmt":"2024-10-13T17:46:38","slug":"proyecto-osmia","status":"publish","type":"page","link":"https:\/\/latorredelcodina.com\/es\/proyecto-osmia\/","title":{"rendered":"Proyecto Osmia"},"content":{"rendered":"<p><a href=\"https:\/\/ruralcat.gencat.cat\/documents\/20181\/4633934\/010_CREAF_Osmia_2017_2019\/1451b44c-4887-468a-a324-66a0437acbb3\" target=\"_blank\" rel=\"noopener\">Osmia cornuta<\/a> es una <strong>abeja solitaria aut\u00f3ctona<\/strong> , presente en gran parte del territorio catal\u00e1n. Se trata de una especie muy eficaz como <a href=\"https:\/\/ruralcat.gencat.cat\/documents\/20181\/4633934\/010_CREAF_Osmia_2017_2019\/1451b44c-4887-468a-a324-66a0437acbb3\" target=\"_blank\" rel=\"noopener\">polinizadora de frutales<\/a> y todo tipo de <strong>flores silvestres.<\/strong> Las osmias, llamadas convencionalmente <strong>abejas primavera<\/strong> , son insectos solitarios que no pican, de la familia de las obreras, no hacen colmenas ni colonias, sino que construyen <strong>sus nidos<\/strong> generalmente en unas <strong>peque\u00f1as ca\u00f1as<\/strong> que van preparando para el bienestar de sus cr\u00edas finos que las tapan con barro. S\u00f3lo <strong>vuelan durante la estaci\u00f3n de primavera<\/strong> , que coincide con el tiempo de polinizaci\u00f3n de los \u00e1rboles frutales. Su eficacia polinizadora le ha hecho protagonista de un proyecto que impulsa <strong>mejorar la biodiversidad de plantas e insectos<\/strong> en nuestro entorno. La <a href=\"https:\/\/advecologica.org\/\" target=\"_blank\" rel=\"noopener\">Asociaci\u00f3n de Defensa Vegetal de las comarcas de Ponent<\/a> ha puesto a disposici\u00f3n de quien quiera colaborar con la iniciativa, unas <strong>cajas con los capullos de las abejas<\/strong> . Estas cajas deben orientarse a sudeste y disponen de unas ca\u00f1as donde las abejas <strong>har\u00e1n su nido.<\/strong> <\/p>\n","protected":false},"excerpt":{"rendered":"<p>Un hotel de insectos en plena naturaleza, donde rodean las Osmia cornuta: una abeja solitaria aut\u00f3ctona.<\/p>\n","protected":false},"author":3,"featured_media":1484,"parent":0,"menu_order":0,"comment_status":"closed","ping_status":"closed","template":"","meta":{"_acf_changed":false,"footnotes":""},"class_list":["post-1743","page","type-page","status-publish","has-post-thumbnail","hentry"],"acf":[],"_links":{"self":[{"href":"https:\/\/latorredelcodina.com\/es\/wp-json\/wp\/v2\/pages\/1743","targetHints":{"allow":["GET"]}}],"collection":[{"href":"https:\/\/latorredelcodina.com\/es\/wp-json\/wp\/v2\/pages"}],"about":[{"href":"https:\/\/latorredelcodina.com\/es\/wp-json\/wp\/v2\/types\/page"}],"author":[{"embeddable":true,"href":"https:\/\/latorredelcodina.com\/es\/wp-json\/wp\/v2\/users\/3"}],"replies":[{"embeddable":true,"href":"https:\/\/latorredelcodina.com\/es\/wp-json\/wp\/v2\/comments?post=1743"}],"version-history":[{"count":0,"href":"https:\/\/latorredelcodina.com\/es\/wp-json\/wp\/v2\/pages\/1743\/revisions"}],"wp:featuredmedia":[{"embeddable":true,"href":"https:\/\/latorredelcodina.com\/es\/wp-json\/wp\/v2\/media\/1484"}],"wp:attachment":[{"href":"https:\/\/latorredelcodina.com\/es\/wp-json\/wp\/v2\/media?parent=1743"}],"curies":[{"name":"wp","href":"https:\/\/api.w.org\/{rel}","templated":true}]}}