{"id":1744,"date":"2024-10-13T19:44:06","date_gmt":"2024-10-13T17:44:06","guid":{"rendered":"https:\/\/latorredelcodina.com\/ubicacion\/"},"modified":"2024-11-07T18:32:52","modified_gmt":"2024-11-07T16:32:52","slug":"ubicacion","status":"publish","type":"page","link":"https:\/\/latorredelcodina.com\/es\/ubicacion\/","title":{"rendered":"Ubicaci\u00f3n"},"content":{"rendered":"<p>La Torre del Codina est\u00e1 situada al sur del antiguo t\u00e9rmino del <strong>Talladell<\/strong> , a 4 km del pueblo -dentro del municipio de <strong>T\u00e0rrega-<\/strong> , en el l\u00edmite de las comarcas de la Segarra y del Urgell.<\/p>\n<p>La partida de t\u00e9rmino se conoce con el nombre de <strong>La Putxa<\/strong> , y se encuentra cerca del <strong>camino viejo de Granyena.<\/strong><\/p>\n<p>Se encuentra situada a 480 metros sobre el nivel del mar, dentro del <a href=\"https:\/\/ca.wikipedia.org\/wiki\/Espai_Natural_Protegit_de_Granyena\" target=\"_blank\" rel=\"noopener\">Espacio Natural Protegido de Granyena<\/a> , de la <strong>Red Natura 2000<\/strong> , en un lugar geogr\u00e1fico privilegiado y de gran valor ornitol\u00f3gico, medioambiental y paisaj\u00edstico.<\/p>\n<p>Desde la casa se divisan espectaculares vistas a 360 \u00ba. Al Norte, los <strong>Pirineos<\/strong> , desde el Port del Compte hasta el Pirineo de Huesca; a poniente, la extensa llanura del <a href=\"https:\/\/turismeurgell.cat\/\" target=\"_blank\" rel=\"noopener\"><strong>Urgell<\/strong><\/a> , hacia el Sur, la sierra del Tallat y hacia levante, las mesetas de <a href=\"http:\/\/www.lasegarra.org\/\" target=\"_blank\" rel=\"noopener\"><strong>la Segarra<\/strong><\/a> . <\/p>\n<p>El <strong>paisaje y las vistas<\/strong> de la Torre del Codina son \u00fanicas y extraordinarias.<\/p>\n<p>Las im\u00e1genes <strong>hablan m\u00e1s que mil palabras.<\/strong><\/p>\n&#13;\n<p><iframe loading=\"lazy\" style=\"border: 0;\" src=\"https:\/\/www.google.com\/maps\/embed?pb=!1m18!1m12!1m3!1d2982.383742560752!2d1.1816997999999999!3d41.6258361!2m3!1f0!2f0!3f0!3m2!1i1024!2i768!4f13.1!3m3!1m2!1s0x12a69fafa72e876f%3A0x395ceab037ac0848!2sLa%20Torre%20del%20Codina!5e0!3m2!1sca!2ses!4v1730629570406!5m2!1sca!2ses\" width=\"800\" height=\"600\" allowfullscreen=\"allowfullscreen\"><\/iframe><\/p>&#13;\n","protected":false},"excerpt":{"rendered":"<p>La Torre del Codina est\u00e1 situada al sur del antiguo t\u00e9rmino de El Talladell, a 4 km del pueblo \u2013dentro del municipio de T\u00e0rrega\u2013.<\/p>\n","protected":false},"author":3,"featured_media":1391,"parent":0,"menu_order":0,"comment_status":"closed","ping_status":"closed","template":"","meta":{"_acf_changed":false,"footnotes":""},"class_list":["post-1744","page","type-page","status-publish","has-post-thumbnail","hentry"],"acf":[],"_links":{"self":[{"href":"https:\/\/latorredelcodina.com\/es\/wp-json\/wp\/v2\/pages\/1744","targetHints":{"allow":["GET"]}}],"collection":[{"href":"https:\/\/latorredelcodina.com\/es\/wp-json\/wp\/v2\/pages"}],"about":[{"href":"https:\/\/latorredelcodina.com\/es\/wp-json\/wp\/v2\/types\/page"}],"author":[{"embeddable":true,"href":"https:\/\/latorredelcodina.com\/es\/wp-json\/wp\/v2\/users\/3"}],"replies":[{"embeddable":true,"href":"https:\/\/latorredelcodina.com\/es\/wp-json\/wp\/v2\/comments?post=1744"}],"version-history":[{"count":1,"href":"https:\/\/latorredelcodina.com\/es\/wp-json\/wp\/v2\/pages\/1744\/revisions"}],"predecessor-version":[{"id":1745,"href":"https:\/\/latorredelcodina.com\/es\/wp-json\/wp\/v2\/pages\/1744\/revisions\/1745"}],"wp:featuredmedia":[{"embeddable":true,"href":"https:\/\/latorredelcodina.com\/es\/wp-json\/wp\/v2\/media\/1391"}],"wp:attachment":[{"href":"https:\/\/latorredelcodina.com\/es\/wp-json\/wp\/v2\/media?parent=1744"}],"curies":[{"name":"wp","href":"https:\/\/api.w.org\/{rel}","templated":true}]}}