{"id":1750,"date":"2024-11-03T12:13:52","date_gmt":"2024-11-03T10:13:52","guid":{"rendered":"https:\/\/latorredelcodina.com\/horno-cocina-al-fuego\/"},"modified":"2024-11-07T18:34:11","modified_gmt":"2024-11-07T16:34:11","slug":"horno-cocina-al-fuego","status":"publish","type":"page","link":"https:\/\/latorredelcodina.com\/es\/horno-cocina-al-fuego\/","title":{"rendered":"Horno: Cocina al fuego"},"content":{"rendered":"\n<p>Uno de los atractivos de la Torre del Codina, es poder utilizar <strong>el fuego hecho con le\u00f1a de encina o con carb\u00f3n<\/strong> para la cocci\u00f3n de los alimentos.<\/p>\n\n<p>Cocinar y cocer los alimentos tal y como se hac\u00eda en el siglo XVIII, a la brasa o al horno de pan, potencia el sabor de los alimentos y permite vivir una experiencia intensa y gratificante.<\/p>\n\n<p><strong>El uso de le\u00f1a<\/strong> para el fuego de tierra o para el horno de pan, debe comunicarse con antelaci\u00f3n a la propiedad y abonar una peque\u00f1a cantidad en concepto de consumo de le\u00f1a o carb\u00f3n.<\/p>\n\n<p>El horno tiene la particularidad de ser <strong>original de 1753<\/strong> y ponerlo en funcionamiento al igual que se hac\u00eda hace 270 a\u00f1os.<\/p>\n","protected":false},"excerpt":{"rendered":"<p>El horno tiene la particularidad de ser original de 1753.<\/p>\n","protected":false},"author":3,"featured_media":0,"parent":0,"menu_order":0,"comment_status":"closed","ping_status":"closed","template":"","meta":{"_acf_changed":false,"footnotes":""},"class_list":["post-1750","page","type-page","status-publish","hentry"],"acf":[],"_links":{"self":[{"href":"https:\/\/latorredelcodina.com\/es\/wp-json\/wp\/v2\/pages\/1750","targetHints":{"allow":["GET"]}}],"collection":[{"href":"https:\/\/latorredelcodina.com\/es\/wp-json\/wp\/v2\/pages"}],"about":[{"href":"https:\/\/latorredelcodina.com\/es\/wp-json\/wp\/v2\/types\/page"}],"author":[{"embeddable":true,"href":"https:\/\/latorredelcodina.com\/es\/wp-json\/wp\/v2\/users\/3"}],"replies":[{"embeddable":true,"href":"https:\/\/latorredelcodina.com\/es\/wp-json\/wp\/v2\/comments?post=1750"}],"version-history":[{"count":1,"href":"https:\/\/latorredelcodina.com\/es\/wp-json\/wp\/v2\/pages\/1750\/revisions"}],"predecessor-version":[{"id":1751,"href":"https:\/\/latorredelcodina.com\/es\/wp-json\/wp\/v2\/pages\/1750\/revisions\/1751"}],"wp:attachment":[{"href":"https:\/\/latorredelcodina.com\/es\/wp-json\/wp\/v2\/media?parent=1750"}],"curies":[{"name":"wp","href":"https:\/\/api.w.org\/{rel}","templated":true}]}}