{"id":1758,"date":"2024-10-13T19:53:17","date_gmt":"2024-10-13T17:53:17","guid":{"rendered":"https:\/\/latorredelcodina.com\/contacto\/"},"modified":"2024-11-07T18:41:35","modified_gmt":"2024-11-07T16:41:35","slug":"contacto","status":"publish","type":"page","link":"https:\/\/latorredelcodina.com\/es\/contacto\/","title":{"rendered":"Contacto"},"content":{"rendered":"\n<p>Correo electr\u00f3nico: <strong>info[@]latorredelcodina.com<\/strong><br\/><\/p>\n\n<p>Tel\u00e9fono: <a href=\"https:\/\/api.whatsapp.com\/send?phone=+34629770876&amp;text=Vull%20m%C3%A9s%20informaci%C3%B3\" data-type=\"link\" data-id=\"https:\/\/api.whatsapp.com\/send?phone=+34629770876&amp;text=Vull%20m%C3%A9s%20informaci%C3%B3\" target=\"_blank\" rel=\"noreferrer noopener\"><strong>+34 629770876<\/strong><\/a><\/p>\n\n<p>Ubicaci\u00f3n: <a href=\"https:\/\/goo.gl\/maps\/zTo7WGGTept\" data-type=\"link\" data-id=\"https:\/\/goo.gl\/maps\/zTo7WGGTept\" target=\"_blank\" rel=\"noreferrer noopener\"><strong>Google Maps<\/strong><\/a><\/p>\n\n<p>Enlaces de inter\u00e9s:<\/p>\n\n<ul class=\"wp-block-list\">\n<li>Emergencias: 112<\/li>\n\n\n\n<li>Tel\u00e9fono de asistencia: +34 629770876<\/li>\n\n\n\n<li>Polic\u00eda: +34 973701650<\/li>\n<\/ul>\n\n<p><\/p>\n","protected":false},"excerpt":{"rendered":"<p>Correo electr\u00f3nico: info[@]latorredelcodina.com Tel\u00e9fono: +34 629770876 Ubicaci\u00f3n: Google Maps Enlaces de inter\u00e9s:<\/p>\n","protected":false},"author":3,"featured_media":0,"parent":0,"menu_order":0,"comment_status":"closed","ping_status":"closed","template":"","meta":{"_acf_changed":false,"footnotes":""},"class_list":["post-1758","page","type-page","status-publish","hentry"],"acf":[],"_links":{"self":[{"href":"https:\/\/latorredelcodina.com\/es\/wp-json\/wp\/v2\/pages\/1758","targetHints":{"allow":["GET"]}}],"collection":[{"href":"https:\/\/latorredelcodina.com\/es\/wp-json\/wp\/v2\/pages"}],"about":[{"href":"https:\/\/latorredelcodina.com\/es\/wp-json\/wp\/v2\/types\/page"}],"author":[{"embeddable":true,"href":"https:\/\/latorredelcodina.com\/es\/wp-json\/wp\/v2\/users\/3"}],"replies":[{"embeddable":true,"href":"https:\/\/latorredelcodina.com\/es\/wp-json\/wp\/v2\/comments?post=1758"}],"version-history":[{"count":1,"href":"https:\/\/latorredelcodina.com\/es\/wp-json\/wp\/v2\/pages\/1758\/revisions"}],"predecessor-version":[{"id":1759,"href":"https:\/\/latorredelcodina.com\/es\/wp-json\/wp\/v2\/pages\/1758\/revisions\/1759"}],"wp:attachment":[{"href":"https:\/\/latorredelcodina.com\/es\/wp-json\/wp\/v2\/media?parent=1758"}],"curies":[{"name":"wp","href":"https:\/\/api.w.org\/{rel}","templated":true}]}}