{"id":1761,"date":"2024-10-13T19:47:03","date_gmt":"2024-10-13T17:47:03","guid":{"rendered":"https:\/\/latorredelcodina.com\/eventos\/"},"modified":"2024-11-07T18:42:18","modified_gmt":"2024-11-07T16:42:18","slug":"eventos","status":"publish","type":"page","link":"https:\/\/latorredelcodina.com\/es\/eventos\/","title":{"rendered":"Eventos"},"content":{"rendered":"\n<p>Adem\u00e1s del servicio de alojamiento y de ocio, la casa rural de la Torre del Codina ofrece la posibilidad de realizar un amplio abanico de eventos y actividades con o sin alojamiento.  <\/p>\n\n<p>Estas son algunas de las experiencias o actividades que puede realizar:<\/p>\n\n<ul class=\"wp-block-list\">\n<li>Salidas, excursiones y rutas por la zona. A pie, en bicicleta o en veh\u00edculo por lugares \u00fanicos y excepcionales que le recomendar\u00edamos. <\/li>\n\n\n\n<li>Observaciones ornitologiques, bot\u00e1nicas, de estrellas, etc.<\/li>\n\n\n\n<li>Organizar catas, catas y demostraciones de producto a clientes, empresas o comerciales.<\/li>\n\n\n\n<li>Sesiones de trabajo de empresas y asociaciones.<\/li>\n\n\n\n<li>Cursos de formaci\u00f3n, talleres, encuentros, etc.<\/li>\n\n\n\n<li>Conciertos, actuaciones, retiros literarios,\u2026<\/li>\n\n\n\n<li>Estancias de yoga, relax o meditaci\u00f3n en un entorno ideal de paz y silencio en plena naturaleza.<\/li>\n\n\n\n<li>Experiencias gastron\u00f3micas en colaboraci\u00f3n con restaurantes.<\/li>\n<\/ul>\n\n<p>Podemos estudiar cualquier otra experiencia que plantee.<\/p>\n\n<p>Para pedir m\u00e1s informaci\u00f3n sobre el evento o actividad que quieras organizar, <a href=\"https:\/\/latorredelcodina.com\/es\/contacto\/\"><strong>escr\u00edbenos.<\/strong><\/a><\/p>\n","protected":false},"excerpt":{"rendered":"<p>Eventos de empresas y colectivos. Estancia flexible. <\/p>\n","protected":false},"author":3,"featured_media":0,"parent":0,"menu_order":0,"comment_status":"closed","ping_status":"closed","template":"","meta":{"_acf_changed":false,"footnotes":""},"class_list":["post-1761","page","type-page","status-publish","hentry"],"acf":[],"_links":{"self":[{"href":"https:\/\/latorredelcodina.com\/es\/wp-json\/wp\/v2\/pages\/1761","targetHints":{"allow":["GET"]}}],"collection":[{"href":"https:\/\/latorredelcodina.com\/es\/wp-json\/wp\/v2\/pages"}],"about":[{"href":"https:\/\/latorredelcodina.com\/es\/wp-json\/wp\/v2\/types\/page"}],"author":[{"embeddable":true,"href":"https:\/\/latorredelcodina.com\/es\/wp-json\/wp\/v2\/users\/3"}],"replies":[{"embeddable":true,"href":"https:\/\/latorredelcodina.com\/es\/wp-json\/wp\/v2\/comments?post=1761"}],"version-history":[{"count":1,"href":"https:\/\/latorredelcodina.com\/es\/wp-json\/wp\/v2\/pages\/1761\/revisions"}],"predecessor-version":[{"id":1762,"href":"https:\/\/latorredelcodina.com\/es\/wp-json\/wp\/v2\/pages\/1761\/revisions\/1762"}],"wp:attachment":[{"href":"https:\/\/latorredelcodina.com\/es\/wp-json\/wp\/v2\/media?parent=1761"}],"curies":[{"name":"wp","href":"https:\/\/api.w.org\/{rel}","templated":true}]}}