{"id":1796,"date":"2024-10-13T19:54:16","date_gmt":"2024-10-13T17:54:16","guid":{"rendered":"https:\/\/latorredelcodina.com\/mentions-legales\/"},"modified":"2024-11-07T19:07:48","modified_gmt":"2024-11-07T17:07:48","slug":"mentions-legales","status":"publish","type":"page","link":"https:\/\/latorredelcodina.com\/fr\/mentions-legales\/","title":{"rendered":"Mentions l\u00e9gales"},"content":{"rendered":"<p><b>RGPD :<\/b> \u00ab Conform\u00e9ment aux r\u00e9glementations EMVCo, MasterCard, VISA et \u00e0 la Directive Europ\u00e9enne PSDII, lors de l&rsquo;op\u00e9ration de paiement \u00e9lectronique, les informations relatives \u00e0 la connexion utilis\u00e9e dans la session seront communiqu\u00e9es \u00e0 la banque \u00e9mettrice de la carte pour proc\u00e9der \u00e0 la validation de la op\u00e9ration de paiement effectu\u00e9e par l&rsquo;utilisateur\u00a0\u00bb.<\/p>\n\n<h2 class=\"wp-block-heading\">I. INFORMATIONS G\u00c9N\u00c9RALES<\/h2>\n\n<p>Conform\u00e9ment au devoir d&rsquo;information pr\u00e9vu par la loi 34\/2002 relative aux services de la soci\u00e9t\u00e9 de l&rsquo;information et du commerce \u00e9lectronique (LSSI-CE) du 11 juillet, les donn\u00e9es d&rsquo;information g\u00e9n\u00e9rales suivantes de ce site Web :<\/p>\n\n<p>La propri\u00e9t\u00e9 de ce site Web, https:\/\/www.latorredelcodina.com\/, (d\u00e9sormais, Site Web) est d\u00e9tenue par : JUSCARYAS SL., avec NIF : B25307141, dont les coordonn\u00e9es sont :<\/p>\n\n<p><strong>Adresse :<\/strong> C\/ BALMES, 31 \u2013 25300 T\u00c0RREGA<\/p>\n\n<p><strong>T\u00e9l\u00e9phone:<\/strong> 629770876<\/p>\n\n<p><strong>E-mail de contact\u00a0:<\/strong> info[@]latorredelcodina.com<\/p>\n\n<p>\u00a0<\/p>\n\n<h2 class=\"wp-block-heading\">II. CONDITIONS G\u00c9N\u00c9RALES D&rsquo;UTILISATION <\/h2>\n\n<p><strong>Objet des conditions : Le Site Internet<\/strong><br\/> Les pr\u00e9sentes Conditions G\u00e9n\u00e9rales d&rsquo;Utilisation (ci-apr\u00e8s, Conditions) ont pour objet de r\u00e9glementer l&rsquo;acc\u00e8s et l&rsquo;utilisation du Site Internet. Au sens des pr\u00e9sentes Conditions, on entendra par le Site Internet : l&rsquo;aspect ext\u00e9rieur des interfaces-\u00e9crans, tant de mani\u00e8re statique que dynamique, c&rsquo;est-\u00e0-dire l&rsquo;arborescence de navigation ; et tous les \u00e9l\u00e9ments int\u00e9gr\u00e9s tant dans les interfaces-\u00e9crans que dans l&rsquo;arborescence de navigation (ci-apr\u00e8s, Contenu) et tous les services ou ressources en ligne qui peuvent \u00eatre propos\u00e9s aux Utilisateurs (ci-apr\u00e8s, Services). <\/p>\n\n<p>Torre del Codina se r\u00e9serve le droit de modifier, \u00e0 tout moment et sans pr\u00e9avis, la pr\u00e9sentation et la configuration du site Web ainsi que les contenus et services qui peuvent y \u00eatre int\u00e9gr\u00e9s. L&rsquo;Utilisateur reconna\u00eet et accepte qu&rsquo;\u00e0 tout moment La Torre del Codina puisse interrompre, d\u00e9sactiver et\/ou annuler l&rsquo;un de ces \u00e9l\u00e9ments int\u00e9gr\u00e9s au Site Web ou l&rsquo;acc\u00e8s \u00e0 celui-ci. <\/p>\n\n<p>L&rsquo;acc\u00e8s au Site par l&rsquo;Utilisateur est gratuit et, en r\u00e8gle g\u00e9n\u00e9rale, est gratuit sans que l&rsquo;Utilisateur n&rsquo;ait \u00e0 fournir de contrepartie pour pouvoir en profiter, \u00e0 l&rsquo;exception du co\u00fbt de connexion via le r\u00e9seau de t\u00e9l\u00e9communications fourni par le fournisseur d&rsquo;acc\u00e8s contract\u00e9 par l&rsquo;utilisateur.<\/p>\n\n<p>L&rsquo;utilisation de l&rsquo;un des contenus ou services du site Web peut se faire par le biais d&rsquo;un abonnement ou d&rsquo;un enregistrement pr\u00e9alable de l&rsquo;utilisateur.<\/p>\n\n<p>L&rsquo;utilisateur<br\/> L&rsquo;acc\u00e8s, la navigation et l&rsquo;utilisation du Site conf\u00e8rent la qualit\u00e9 d&rsquo;Utilisateur, donc, \u00e0 partir du moment o\u00f9 vous commencez \u00e0 naviguer sur le Site, toutes les Conditions \u00e9tablies ici, ainsi que les modifications ult\u00e9rieures, sont accept\u00e9es, sans pr\u00e9judice de l&rsquo;application des dispositions l\u00e9gales correspondantes. r\u00e9glementations de conformit\u00e9 obligatoire, le cas \u00e9ch\u00e9ant. Compte tenu de la pertinence de ce qui pr\u00e9c\u00e8de, il est recommand\u00e9 \u00e0 l\u2019Utilisateur de les lire \u00e0 chaque visite sur le Site. <\/p>\n\n<p>Le site Internet Torre del Codina propose une grande vari\u00e9t\u00e9 d\u2019informations, de services et de donn\u00e9es. L&rsquo;Utilisateur assume la responsabilit\u00e9 de l&rsquo;utilisation correcte du Site Web. Cette responsabilit\u00e9 s\u2019\u00e9tendra \u00e0\u00a0:  <\/p>\n\n<p>\u2022 Une utilisation des informations, contenus et\/ou services et donn\u00e9es offerts par Torre del Codina sans qu&rsquo;elle soit contraire \u00e0 ce que pr\u00e9voient les pr\u00e9sentes Conditions, la loi, la morale ou l&rsquo;ordre public, ou qui, de toute autre mani\u00e8re, puisse causer un pr\u00e9judice aux droits de des tiers ou du fonctionnement du site Web lui-m\u00eame.<br\/>\u2022 La v\u00e9racit\u00e9 et la l\u00e9galit\u00e9 des informations fournies par l&rsquo;utilisateur dans les formulaires mis \u00e0 disposition par Torre del Codina pour acc\u00e9der \u00e0 certains contenus ou services propos\u00e9s par le site Web. Dans tous les cas, l&rsquo;Utilisateur informera imm\u00e9diatement La Torre del Codina de tout fait permettant une utilisation inappropri\u00e9e des informations enregistr\u00e9es dans ces formulaires, tel que, mais sans s&rsquo;y limiter, le vol, la perte ou l&rsquo;acc\u00e8s non autoris\u00e9 aux identifiants et\/ou mots de passe, afin de proc\u00e9der \u00e0 leur annulation imm\u00e9diate. <\/p>\n\n<p>Le simple acc\u00e8s \u00e0 ce site Web n\u2019implique aucune relation commerciale entre La Torre del Codina et l\u2019utilisateur.<\/p>\n\n<p>Toujours conforme \u00e0 la l\u00e9gislation en vigueur, ce site Internet de La Torre del Codina s&rsquo;adresse \u00e0 toutes les personnes, quel que soit leur \u00e2ge, pouvant acc\u00e9der et\/ou parcourir les pages du site Internet.<\/p>\n\n<p>\u00a0<\/p>\n\n<h2 class=\"wp-block-heading\">III. ACC\u00c8S ET NAVIGATION DU SITE WEB : EXCLUSION DE GARANTIES ET RESPONSABILIT\u00c9 <\/h2>\n\n<p>La Torre del Codina ne garantit pas la continuit\u00e9, la disponibilit\u00e9 et l&rsquo;utilit\u00e9 du site Web, ni des contenus ou des services. La Torre del Codina fera tout son possible pour le bon fonctionnement du site Web, mais elle n&rsquo;est pas responsable ni ne garantit que l&rsquo;acc\u00e8s \u00e0 ce site Web ne sera pas ininterrompu ou qu&rsquo;il sera exempt d&rsquo;erreurs. <\/p>\n\n<p>Il n&rsquo;assume pas non plus la responsabilit\u00e9 ni ne garantit que le contenu ou les logiciels accessibles via ce site Web sont exempts d&rsquo;erreurs ou causent des dommages au syst\u00e8me informatique de l&rsquo;utilisateur (logiciel et mat\u00e9riel). En aucun cas La Torre del Codina ne sera responsable des pertes, dommages ou dommages de toute nature r\u00e9sultant de l&rsquo;acc\u00e8s, de la navigation et de l&rsquo;utilisation du site Web, y compris, mais sans s&rsquo;y limiter, ceux caus\u00e9s aux syst\u00e8mes informatiques ou caus\u00e9s par l&rsquo;introduction de virus. <\/p>\n\n<p>La Torre del Codina n&rsquo;est pas non plus responsable des dommages qui pourraient \u00eatre caus\u00e9s aux utilisateurs en raison d&rsquo;une utilisation inappropri\u00e9e de ce site Web. En particulier, il n&rsquo;est en aucun cas responsable des chutes, interruptions, manques ou d\u00e9fauts des t\u00e9l\u00e9communications qui pourraient survenir. <\/p>\n\n<p>\u00a0<\/p>\n\n<h2 class=\"wp-block-heading\">IV. POLITIQUE DE LIEN <\/h2>\n\n<p>Il est signal\u00e9 que le site Web de La Torre del Codina met ou peut mettre \u00e0 la disposition des utilisateurs des m\u00e9dias de liens (tels que, entre autres, des liens, des banni\u00e8res, des boutons), des r\u00e9pertoires et des moteurs de recherche qui permettent aux utilisateurs d&rsquo;acc\u00e9der \u00e0 des sites Web appartenant \u00e0 et\/ou g\u00e9r\u00e9s par des tiers.<\/p>\n\n<p>L&rsquo;installation de ces liens, annuaires et moteurs de recherche sur le Site a pour objectif de faciliter la recherche et l&rsquo;acc\u00e8s des Utilisateurs aux informations disponibles sur Internet, sans qu&rsquo;elle puisse \u00eatre consid\u00e9r\u00e9e comme une suggestion, une recommandation ou une invitation \u00e0 les visiter.<\/p>\n\n<p>La Torre del Codina n&rsquo;offre ni ne commercialise, par elle-m\u00eame ou par l&rsquo;interm\u00e9diaire de tiers, les produits et\/ou services disponibles sur ces sites li\u00e9s.<\/p>\n\n<p>La Torre del Codina propose du contenu sponsoris\u00e9, des publicit\u00e9s et\/ou des liens d&rsquo;affiliation. Les informations qui apparaissent dans ces liens d&rsquo;affiliation ou dans les annonces ins\u00e9r\u00e9es sont fournies par les annonceurs eux-m\u00eames, c&rsquo;est pourquoi La Torre del Codina n&rsquo;est pas responsable des \u00e9ventuelles inexactitudes ou erreurs que les annonces peuvent contenir, et ne garantit en aucune mani\u00e8re l&rsquo;exp\u00e9rience, l&rsquo;int\u00e9grit\u00e9 ou responsabilit\u00e9 des annonceurs ou de la qualit\u00e9 de leurs produits et\/ou services. <\/p>\n\n<p>De m\u00eame, il ne garantira pas la disponibilit\u00e9 technique, l&rsquo;exactitude, la v\u00e9racit\u00e9, la validit\u00e9 ou la l\u00e9galit\u00e9 des sites ext\u00e9rieurs \u00e0 sa propri\u00e9t\u00e9 et accessibles via les liens.<\/p>\n\n<p>La Torre del Codina ne r\u00e9examinera ni ne contr\u00f4lera en aucun cas le contenu d&rsquo;autres sites Web, ni n&rsquo;approuvera, n&rsquo;examinera ou n&rsquo;approuvera les produits et services, les contenus, les fichiers et tout autre mat\u00e9riel existant sur lesdits sites li\u00e9s.<\/p>\n\n<p>La Torre del Codina n&rsquo;assume aucune responsabilit\u00e9 pour les dommages qui pourraient survenir en raison de l&rsquo;acc\u00e8s, de l&rsquo;utilisation, de la qualit\u00e9 ou de la l\u00e9galit\u00e9 des contenus, communications, opinions, produits et services de sites Web non g\u00e9r\u00e9s par La Torre del Codina et qui sont li\u00e9s ici. Site web.<\/p>\n\n<p>L&rsquo;Utilisateur ou le tiers qui \u00e9tablit un hyperlien depuis une page Web d&rsquo;un autre site Web diff\u00e9rent vers le Site Web de La Torre del Codina doit savoir que\u00a0:<\/p>\n\n<p>La reproduction &#8211; totale ou partielle &#8211; de l&rsquo;un des contenus et\/ou services du site Web n&rsquo;est pas autoris\u00e9e sans l&rsquo;autorisation expresse de Torre del Codina.<\/p>\n\n<p>Aucune d\u00e9claration n&rsquo;est non plus fausse, inexacte ou incorrecte sur le site Web Torre del Codina, ni sur son contenu et\/ou ses services.<\/p>\n\n<p>\u00c0 l&rsquo;exception de l&rsquo;hyperlien, le site Web sur lequel cet hyperlien est \u00e9tabli ne contiendra aucun \u00e9l\u00e9ment de ce site Web prot\u00e9g\u00e9 en tant que propri\u00e9t\u00e9 intellectuelle par le syst\u00e8me juridique espagnol, sauf autorisation expresse de La Torre de Codina.<\/p>\n\n<p>L&rsquo;\u00e9tablissement de l&rsquo;hyperlien n&rsquo;impliquera pas l&rsquo;existence de relations entre La Torre del Codina et le propri\u00e9taire du site Web \u00e0 partir duquel il est cr\u00e9\u00e9, ni la connaissance et l&rsquo;acceptation par Torre del Codina des contenus, services et\/ou activit\u00e9s propos\u00e9s sur ce site. site Web, et vice versa.<\/p>\n\n<p>\u00a0<\/p>\n\n<h2 class=\"wp-block-heading\">V. PROPRI\u00c9T\u00c9 INTELLECTUELLE ET INDUSTRIELLE<\/h2>\n\n<p>Torre del Codina, seule ou en tant que cessionnaire, est propri\u00e9taire de tous les droits de propri\u00e9t\u00e9 intellectuelle et industrielle du site Web, ainsi que des \u00e9l\u00e9ments contenus dans celui-ci (\u00e0 titre d&rsquo;exemple et de mani\u00e8re non exhaustive, images, sons, audio, vid\u00e9o, logiciels ou textes). , marques ou logos, combinaisons de couleurs, structure et design, s\u00e9lection des mat\u00e9riaux utilis\u00e9s, programmes informatiques n\u00e9cessaires \u00e0 leur fonctionnement, acc\u00e8s et utilisation, etc.). Il s&rsquo;agira donc d&rsquo;\u0153uvres prot\u00e9g\u00e9es en tant que propri\u00e9t\u00e9 intellectuelle par le syst\u00e8me juridique espagnol, auxquelles seront applicables tant la r\u00e9glementation espagnole que communautaire dans ce domaine, ainsi que les trait\u00e9s internationaux en la mati\u00e8re et sign\u00e9s par l&rsquo;Espagne. <\/p>\n\n<p>Tous droits r\u00e9serv\u00e9s. Conform\u00e9ment aux dispositions de la loi sur la propri\u00e9t\u00e9 intellectuelle, la reproduction, la distribution et la communication publique, y compris son mode de mise \u00e0 disposition, de tout ou partie du contenu de cette page Web sont express\u00e9ment interdites, \u00e0 des fins commerciales, sur quelque support et par quelque moyen que ce soit. moyens techniques, sans l&rsquo;autorisation de Torre del Codina. <\/p>\n\n<p>L&rsquo;Utilisateur s&rsquo;engage \u00e0 respecter les droits de propri\u00e9t\u00e9 intellectuelle et industrielle de La Torre del Codina. Vous pouvez visualiser les \u00e9l\u00e9ments du Site Internet ou encore les imprimer, les copier et les stocker sur le disque dur de votre ordinateur ou sur tout autre support physique pour autant que ce soit exclusivement pour votre usage personnel. L\u2019Utilisateur ne peut toutefois supprimer, alt\u00e9rer ou manipuler tout dispositif de protection ou syst\u00e8me de s\u00e9curit\u00e9 install\u00e9 sur le Site.  <\/p>\n\n<p>Dans le cas o\u00f9 l&rsquo;Utilisateur ou un tiers consid\u00e8re qu&rsquo;un des Contenus du Site Web constitue une violation des droits de protection de la propri\u00e9t\u00e9 intellectuelle, il doit en informer imm\u00e9diatement La Torre del Codina via les coordonn\u00e9es de la section INFORMATIONS G\u00c9N\u00c9RALES des pr\u00e9sentes Mentions L\u00e9gales et Conditions G\u00e9n\u00e9rales. d&rsquo;Utilisation.<\/p>\n\n<p>\u00a0<\/p>\n\n<h2 class=\"wp-block-heading\">VI. ACTIONS JUDICIAIRES, LOI APPLICABLE ET JURIDICTION <\/h2>\n\n<p>La Torre del Codina se r\u00e9serve le droit d&rsquo;engager des actions civiles ou p\u00e9nales qu&rsquo;elle juge n\u00e9cessaires pour une utilisation inappropri\u00e9e du site Web et du contenu, ou pour violation des pr\u00e9sentes conditions.<\/p>\n\n<p>La relation entre l&rsquo;Utilisateur et Torre del Codina sera r\u00e9gie par la r\u00e9glementation en vigueur et applicable sur le territoire espagnol. En cas de litige relatif \u00e0 l&rsquo;interpr\u00e9tation et\/ou \u00e0 l&rsquo;application des pr\u00e9sentes Conditions, les parties soumettront leurs litiges \u00e0 la juridiction ordinaire en s&rsquo;adressant aux juges et tribunaux qui correspondent conform\u00e9ment \u00e0 la loi. <\/p>\n","protected":false},"excerpt":{"rendered":"<p>Mentions l\u00e9gales<\/p>\n","protected":false},"author":3,"featured_media":0,"parent":0,"menu_order":0,"comment_status":"closed","ping_status":"closed","template":"","meta":{"_acf_changed":false,"footnotes":""},"class_list":["post-1796","page","type-page","status-publish","hentry"],"acf":[],"_links":{"self":[{"href":"https:\/\/latorredelcodina.com\/fr\/wp-json\/wp\/v2\/pages\/1796","targetHints":{"allow":["GET"]}}],"collection":[{"href":"https:\/\/latorredelcodina.com\/fr\/wp-json\/wp\/v2\/pages"}],"about":[{"href":"https:\/\/latorredelcodina.com\/fr\/wp-json\/wp\/v2\/types\/page"}],"author":[{"embeddable":true,"href":"https:\/\/latorredelcodina.com\/fr\/wp-json\/wp\/v2\/users\/3"}],"replies":[{"embeddable":true,"href":"https:\/\/latorredelcodina.com\/fr\/wp-json\/wp\/v2\/comments?post=1796"}],"version-history":[{"count":1,"href":"https:\/\/latorredelcodina.com\/fr\/wp-json\/wp\/v2\/pages\/1796\/revisions"}],"predecessor-version":[{"id":1797,"href":"https:\/\/latorredelcodina.com\/fr\/wp-json\/wp\/v2\/pages\/1796\/revisions\/1797"}],"wp:attachment":[{"href":"https:\/\/latorredelcodina.com\/fr\/wp-json\/wp\/v2\/media?parent=1796"}],"curies":[{"name":"wp","href":"https:\/\/api.w.org\/{rel}","templated":true}]}}