{"id":1798,"date":"2024-10-13T19:54:03","date_gmt":"2024-10-13T17:54:03","guid":{"rendered":"https:\/\/latorredelcodina.com\/politiques-en-matiere-de-cookies\/"},"modified":"2024-10-13T19:54:03","modified_gmt":"2024-10-13T17:54:03","slug":"politiques-en-matiere-de-cookies","status":"publish","type":"page","link":"https:\/\/latorredelcodina.com\/fr\/politiques-en-matiere-de-cookies\/","title":{"rendered":"Politiques en mati\u00e8re de cookies"},"content":{"rendered":"<p>L&rsquo;acc\u00e8s \u00e0 ce site Web peut impliquer l&rsquo;utilisation de cookies. Les cookies sont de petites quantit\u00e9s d&rsquo;informations qui sont stock\u00e9es dans le navigateur utilis\u00e9 par chaque utilisateur &#8211; sur les diff\u00e9rents appareils pouvant \u00eatre utilis\u00e9s pour naviguer &#8211; afin que le serveur m\u00e9morise certaines informations qui seront lues ult\u00e9rieurement et uniquement par le serveur qui les a mises en \u0153uvre. Les cookies facilitent la navigation, la rendent plus conviviale et n&rsquo;endommagent pas l&rsquo;appareil de navigation.  <\/p>\n<p>Les cookies sont des proc\u00e9dures automatiques de collecte d&rsquo;informations relatives aux pr\u00e9f\u00e9rences d\u00e9termin\u00e9es par l&rsquo;Utilisateur lors de la visite du Site Web afin de le reconna\u00eetre en tant qu&rsquo;Utilisateur et de personnaliser son exp\u00e9rience et son utilisation du Site Web, et ils peuvent \u00e9galement, par exemple, aider \u00e0 identifier et r\u00e9soudre les erreurs.<\/p>\n<p>Les informations collect\u00e9es gr\u00e2ce aux cookies peuvent inclure la date et l&rsquo;heure des visites sur le Site, les pages consult\u00e9es, le temps pass\u00e9 sur le Site et les sites visit\u00e9s juste avant et apr\u00e8s. Toutefois, aucun cookie ne permet de contacter le num\u00e9ro de t\u00e9l\u00e9phone de l&rsquo;Utilisateur ou tout autre moyen de contact personnel. Aucun cookie ne peut extraire des informations du disque dur de l&rsquo;Utilisateur ni voler des informations personnelles. La seule mani\u00e8re pour que les informations priv\u00e9es de l&rsquo;Utilisateur fassent partie du fichier Cookie est que l&rsquo;Utilisateur fournisse personnellement ces informations au serveur.   <\/p>\n<p>Les cookies permettant d&rsquo;identifier une personne sont consid\u00e9r\u00e9s comme des donn\u00e9es personnelles. Par cons\u00e9quent, la politique de confidentialit\u00e9 d\u00e9crite ci-dessus leur sera applicable. En ce sens, pour les utiliser, le consentement de l\u2019Utilisateur sera n\u00e9cessaire. Ce consentement sera communiqu\u00e9, sur la base d&rsquo;un choix authentique, offert par une d\u00e9cision affirmative et positive, avant le traitement initial, amovible et document\u00e9.   <\/p>\n<p>&nbsp;<\/p>\n<h2>Propres cookies<\/h2>\n<p>Il s&rsquo;agit de cookies envoy\u00e9s \u00e0 l&rsquo;ordinateur ou \u00e0 l&rsquo;appareil de l&rsquo;utilisateur et g\u00e9r\u00e9s exclusivement par La Torre del Codina | Maison rurale ind\u00e9pendante, \u00e9cologique et durable pour le meilleur fonctionnement du site. Les informations collect\u00e9es sont utilis\u00e9es pour am\u00e9liorer la qualit\u00e9 du site Web et de son contenu ainsi que votre exp\u00e9rience en tant qu&rsquo;utilisateur. Ces cookies permettent \u00e0 l&rsquo;Utilisateur d&rsquo;\u00eatre reconnu comme visiteur r\u00e9current du Site et d&rsquo;adapter le contenu pour proposer un contenu correspondant \u00e0 ses pr\u00e9f\u00e9rences.  <\/p>\n<p>&nbsp;<\/p>\n<h2>Cookies tiers<\/h2>\n<p>Il s&rsquo;agit de cookies utilis\u00e9s et g\u00e9r\u00e9s par des entit\u00e9s externes qui fournissent La Torre del Codina | Services de maisons rurales ind\u00e9pendants, \u00e9cologiques et autodurables, demand\u00e9s par celle-ci pour am\u00e9liorer le site Web et l&rsquo;exp\u00e9rience de l&rsquo;utilisateur lors de la navigation sur le site Web. Les principales finalit\u00e9s pour lesquelles les cookies tiers sont utilis\u00e9s sont l&rsquo;obtention de statistiques d&rsquo;acc\u00e8s et l&rsquo;analyse des informations de navigation, c&rsquo;est-\u00e0-dire la mani\u00e8re dont l&rsquo;Utilisateur interagit avec le Site Internet.<br \/> Les informations obtenues font r\u00e9f\u00e9rence, par exemple, au nombre de pages visit\u00e9es, \u00e0 la langue, au lieu o\u00f9 se trouve l&rsquo;adresse IP \u00e0 partir de laquelle l&rsquo;Utilisateur acc\u00e8de, au nombre d&rsquo;Utilisateurs y acc\u00e9dant, \u00e0 la fr\u00e9quence et \u00e0 la r\u00e9currence des visites, \u00e0 l&rsquo;heure de la visite, \u00e0 la navigateur qu&rsquo;ils utilisent, l&rsquo;op\u00e9rateur ou le type d&rsquo;appareil \u00e0 partir duquel la visite est effectu\u00e9e. Ces informations sont utilis\u00e9es pour am\u00e9liorer le Site, et d\u00e9tecter de nouveaux besoins pour offrir aux Utilisateurs un Contenu et\/ou un service de qualit\u00e9 optimale. Dans tous les cas, les informations sont collect\u00e9es de mani\u00e8re anonyme et des rapports sur les tendances du site Web sont \u00e9tablis sans identifier les utilisateurs individuels.   <\/p>\n<p>Vous pouvez obtenir plus d&rsquo;informations sur les cookies, des informations sur la confidentialit\u00e9, ou consulter la description du type de cookies utilis\u00e9s, leurs principales caract\u00e9ristiques, la p\u00e9riode d&rsquo;expiration, etc. dans le(s) lien(s) suivant(s)&nbsp;:<\/p>\n<p>Google&nbsp;Analytics<\/p>\n<p>La ou les entit\u00e9s charg\u00e9es de fournir les cookies peuvent transf\u00e9rer ces informations \u00e0 des tiers, \u00e0 condition que la loi l&rsquo;exige ou qu&rsquo;un tiers traite ces informations pour le compte de ces entit\u00e9s.<\/p>\n<p>&nbsp;<\/p>\n<h2>D\u00e9sactiver, rejeter et supprimer les cookies<\/h2>\n<p>L&rsquo;Utilisateur peut d\u00e9sactiver, rejeter et supprimer les cookies &#8211; en tout ou partie &#8211; install\u00e9s sur l&rsquo;appareil via les param\u00e8tres de votre navigateur (parmi lesquels figurent, par exemple, Chrome, Firefox, Safari, Explorer). A cet \u00e9gard, les modalit\u00e9s de refus et de suppression des cookies peuvent diff\u00e9rer d&rsquo;un navigateur Internet \u00e0 l&rsquo;autre. En cons\u00e9quence, l&rsquo;Utilisateur doit se r\u00e9f\u00e9rer aux instructions fournies par le navigateur Internet qu&rsquo;il utilise. Dans le cas o\u00f9 vous refusez l&rsquo;utilisation de cookies, totalement ou partiellement, vous pouvez continuer \u00e0 utiliser le site Web, m\u00eame si vous pouvez avoir une utilisation limit\u00e9e de certains de ses services.   <\/p>\n","protected":false},"excerpt":{"rendered":"<p>Politique de cookies<\/p>\n","protected":false},"author":3,"featured_media":0,"parent":0,"menu_order":0,"comment_status":"closed","ping_status":"closed","template":"","meta":{"_acf_changed":false,"footnotes":""},"class_list":["post-1798","page","type-page","status-publish","hentry"],"acf":[],"_links":{"self":[{"href":"https:\/\/latorredelcodina.com\/fr\/wp-json\/wp\/v2\/pages\/1798","targetHints":{"allow":["GET"]}}],"collection":[{"href":"https:\/\/latorredelcodina.com\/fr\/wp-json\/wp\/v2\/pages"}],"about":[{"href":"https:\/\/latorredelcodina.com\/fr\/wp-json\/wp\/v2\/types\/page"}],"author":[{"embeddable":true,"href":"https:\/\/latorredelcodina.com\/fr\/wp-json\/wp\/v2\/users\/3"}],"replies":[{"embeddable":true,"href":"https:\/\/latorredelcodina.com\/fr\/wp-json\/wp\/v2\/comments?post=1798"}],"version-history":[{"count":0,"href":"https:\/\/latorredelcodina.com\/fr\/wp-json\/wp\/v2\/pages\/1798\/revisions"}],"wp:attachment":[{"href":"https:\/\/latorredelcodina.com\/fr\/wp-json\/wp\/v2\/media?parent=1798"}],"curies":[{"name":"wp","href":"https:\/\/api.w.org\/{rel}","templated":true}]}}