{"id":1799,"date":"2024-10-13T19:53:32","date_gmt":"2024-10-13T17:53:32","guid":{"rendered":"https:\/\/latorredelcodina.com\/termes-et-conditions\/"},"modified":"2024-10-13T19:53:32","modified_gmt":"2024-10-13T17:53:32","slug":"termes-et-conditions","status":"publish","type":"page","link":"https:\/\/latorredelcodina.com\/fr\/termes-et-conditions\/","title":{"rendered":"Termes et conditions"},"content":{"rendered":"<h2>PROC\u00c9DURE DE R\u00c9SERVATION<\/h2>\n<p>Pour formaliser la r\u00e9servation de la maison vous devez effectuer un paiement et un acompte de 30% du montant, le reste du paiement sera effectu\u00e9 par virement ou \u00e0 votre arriv\u00e9e \u00e0 la maison. Le logement sera occup\u00e9 exclusivement \u00e0 hauteur du nombre de personnes r\u00e9serv\u00e9es.<\/p>\n<h2>TAXE DE S\u00c9JOUR<\/h2>\n<p>En raison de la r\u00e9glementation qui r\u00e9glemente les \u00e9tablissements touristiques (loi 5\/2012 du 20 mars relative aux mesures fiscales, financi\u00e8res et administratives et \u00e0 la cr\u00e9ation de la taxe sur les s\u00e9jours dans les \u00e9tablissements touristiques), la taxe sur les s\u00e9jours dans les \u00e9tablissements touristiques s&rsquo;ajoute au tarif , ce qui signifie qu&rsquo;\u00e0 cela s&rsquo;ajouteront 0,60 \u20ac\/pax\/nuit + 10% de TVA<\/p>\n<h2>CONDITIONS DU CONTRAT<\/h2>\n<ul>\n<li>Ce logement est lou\u00e9 dans sa totalit\u00e9 (la maison enti\u00e8re).<\/li>\n<li>P\u00e2ques, Sant Joan, la Foire du Th\u00e9\u00e2tre, No\u00ebl et le Nouvel An sont consid\u00e9r\u00e9s comme des saisons sp\u00e9ciales. Le reste de l\u2019ann\u00e9e est consid\u00e9r\u00e9 comme saison normale. <\/li>\n<li>Durant les mois de juillet et ao\u00fbt, la priorit\u00e9 est donn\u00e9e aux s\u00e9jours d&rsquo;une semaine. Le week-end, le s\u00e9jour minimum est de deux nuits. En semaine non f\u00e9ri\u00e9e, cela peut \u00eatre une nuit seulement du mardi au jeudi.  <\/li>\n<li>Un lit b\u00e9b\u00e9 est disponible sans frais suppl\u00e9mentaires pour les enfants de moins de deux ans.<\/li>\n<li>Un animal de compagnie est accept\u00e9 (doit \u00eatre communiqu\u00e9 avant de faire la r\u00e9servation).<\/li>\n<li>La piscine est ouverte pendant la saison estivale. Veuillez noter que durant la saison estivale nous devrons acc\u00e9der \u00e0 l&rsquo;espace piscine afin d&rsquo;effectuer son entretien. Les clients seront inform\u00e9s au pr\u00e9alable.  <\/li>\n<li>Le client accepte qu&rsquo;en cas de circonstances impr\u00e9vues, l&rsquo;attention de la propri\u00e9t\u00e9 puisse ne pas \u00eatre imm\u00e9diate. A ce titre, le client est inform\u00e9 qu&rsquo;un effort sera toujours fait pour apporter une r\u00e9ponse dans les plus brefs d\u00e9lais face \u00e0 d&rsquo;\u00e9ventuels impr\u00e9vus. <\/li>\n<li>Le propri\u00e9taire n&rsquo;est pas responsable des objets perdus ou oubli\u00e9s dans la maison. Toutefois, s\u2019il les trouve, il en informera les clients. <\/li>\n<li>Le client devra prouver \u00e0 la fois son identit\u00e9 et celle de ses accompagnants, avec une pi\u00e8ce d&rsquo;identit\u00e9, un passeport ou un document \u00e9quivalent, et signera les documents n\u00e9cessaires \u00e0 l&rsquo;inscription. Les personnes s\u00e9journant dans des \u00e9tablissements d&rsquo;h\u00e9bergement situ\u00e9s en Catalogne doivent \u00eatre enregistr\u00e9es. (Article 2 de l&rsquo;ordonnance IRP\/418\/2010, du 5 ao\u00fbt, sur l&rsquo;obligation d&rsquo;enregistrer et de communiquer \u00e0 la Direction g\u00e9n\u00e9rale de la police les personnes qui s\u00e9journent dans des \u00e9tablissements d&rsquo;h\u00e9bergement situ\u00e9s en Catalogne) .  <\/li>\n<\/ul>\n<h2>INSTRUCTIONS G\u00c9N\u00c9RALES&nbsp;:<\/h2>\n<ul>\n<li>La Casa de la Torre del Codina est une maison rurale d\u00e9licate et durable qui fonctionne avec des batteries qui accumulent l&rsquo;\u00e9nergie du soleil et du vent.<\/li>\n<li>La disponibilit\u00e9 de l\u2019\u00e9nergie \u00e9lectrique est limit\u00e9e car elle n\u2019est pas connect\u00e9e au r\u00e9seau \u00e9lectrique.<\/li>\n<li>Il est n\u00e9cessaire d\u2019\u00e9teindre les lumi\u00e8res qui ne sont pas utilis\u00e9es et de minimiser la consommation \u00e9lectrique, surtout la nuit lorsqu\u2019il n\u2019y a pas de soleil.<\/li>\n<li>Les trottoirs du patio ext\u00e9rieur sont en pierre naturelle et il faut veiller \u00e0 ne pas le tacher avec de l&rsquo;huile ou de la graisse.<\/li>\n<li>Les amplificateurs de musique puissants ne peuvent pas \u00eatre utilis\u00e9s car nous sommes dans un espace naturel prot\u00e9g\u00e9 et une autorisation expresse de Medi Natural serait n\u00e9cessaire.<\/li>\n<li>Il est interdit de jeter des paillettes, des confettis ou des microplastiques qui sont des produits tr\u00e8s polluants.<\/li>\n<li>Nous vous recommandons d&rsquo;utiliser les produits d&rsquo;entretien biologiques que vous avez \u00e0 votre disposition, dans la salle de bain et dans la cuisine, pour \u00e9viter la contamination des eaux us\u00e9es.<\/li>\n<li>Ne laissez aucun robinet ouvert et \u00e9conomisez sur la consommation.<\/li>\n<li>Il est permis de fumer uniquement dans le patio int\u00e9rieur de la maison avec cendrier.<\/li>\n<\/ul>\n<h2>HORAIRES D&rsquo;ENTR\u00c9E ET DE SORTIE<\/h2>\n<p><strong>Pour les r\u00e9servations le week-end&nbsp;:<\/strong><\/p>\n<ul>\n<li>Entr\u00e9e : vendredi apr\u00e8s-midi (heure \u00e0 convenir)<\/li>\n<li>D\u00e9part : dimanche avant 18h00 (autres options \u00e0 convenir)<\/li>\n<\/ul>\n<p><strong>Pour une r\u00e9servation \u00e0 la semaine enti\u00e8re&nbsp;:<\/strong><\/p>\n<ul>\n<li>Entr\u00e9e : lundi midi \u00e0 partir de 13h00<\/li>\n<li>D\u00e9part : dimanche avant 13h00<\/li>\n<\/ul>\n<p>Autres horaires \u00e0 convenir.<\/p>\n","protected":false},"excerpt":{"rendered":"<p>Proc\u00e9dure de r\u00e9servation. Conditions du contrat. Instructions g\u00e9n\u00e9rales. Horaires d&rsquo;entr\u00e9e et de sortie.   <\/p>\n","protected":false},"author":3,"featured_media":0,"parent":0,"menu_order":0,"comment_status":"closed","ping_status":"closed","template":"","meta":{"_acf_changed":false,"footnotes":""},"class_list":["post-1799","page","type-page","status-publish","hentry"],"acf":[],"_links":{"self":[{"href":"https:\/\/latorredelcodina.com\/fr\/wp-json\/wp\/v2\/pages\/1799","targetHints":{"allow":["GET"]}}],"collection":[{"href":"https:\/\/latorredelcodina.com\/fr\/wp-json\/wp\/v2\/pages"}],"about":[{"href":"https:\/\/latorredelcodina.com\/fr\/wp-json\/wp\/v2\/types\/page"}],"author":[{"embeddable":true,"href":"https:\/\/latorredelcodina.com\/fr\/wp-json\/wp\/v2\/users\/3"}],"replies":[{"embeddable":true,"href":"https:\/\/latorredelcodina.com\/fr\/wp-json\/wp\/v2\/comments?post=1799"}],"version-history":[{"count":0,"href":"https:\/\/latorredelcodina.com\/fr\/wp-json\/wp\/v2\/pages\/1799\/revisions"}],"wp:attachment":[{"href":"https:\/\/latorredelcodina.com\/fr\/wp-json\/wp\/v2\/media?parent=1799"}],"curies":[{"name":"wp","href":"https:\/\/api.w.org\/{rel}","templated":true}]}}