{"id":1805,"date":"2024-10-13T19:46:18","date_gmt":"2024-10-13T17:46:18","guid":{"rendered":"https:\/\/latorredelcodina.com\/architecture-rurale\/"},"modified":"2024-10-13T19:46:18","modified_gmt":"2024-10-13T17:46:18","slug":"architecture-rurale","status":"publish","type":"page","link":"https:\/\/latorredelcodina.com\/fr\/architecture-rurale\/","title":{"rendered":"Architecture rurale"},"content":{"rendered":"<p>Dans le processus <strong>de r\u00e9habilitation<\/strong> , un grand soin a \u00e9t\u00e9 apport\u00e9 \u00e0 la pr\u00e9servation <strong>de l&rsquo;essence et du langage de l&rsquo;architecture rurale du pays<\/strong> , r\u00e9alis\u00e9e avec la ma\u00e7onnerie en pierre de Calarenca. La singularit\u00e9 de la construction est renforc\u00e9e par la pr\u00e9sence, en plus de la maison, d&rsquo;un grand four \u00e0 pain, de deux cuves \u00e0 vin avec cairons et dalles de fa\u00efence, de deux caves, d&rsquo;une citerne en pierre, d&rsquo;une place, des entrep\u00f4ts et du corral de la cour avec les arches en pierre. . L&rsquo;environnement rural des communes de Talladell, Verd\u00fa, Granyena et Granyanella poss\u00e8de un patrimoine architectural rural riche et m\u00e9connu d&rsquo; <strong>une grande valeur patrimoniale<\/strong> . Se perdre dans les all\u00e9es des thermes permet de d\u00e9couvrir de v\u00e9ritables joyaux de l&rsquo;architecture populaire.<\/p>\n<p><iframe loading=\"lazy\" title=\"Lecteur vid\u00e9o YouTube\" src=\"https:\/\/www.youtube.com\/embed\/rZfQgvFta0k?si=JHkoldGclGd72S9y\" width=\"560\" height=\"315\" frameborder=\"0\" allowfullscreen=\"allowfullscreen\"><\/iframe><\/p>\n","protected":false},"excerpt":{"rendered":"<p>La Torre del Codina est class\u00e9e bien patrimonial d&rsquo;int\u00e9r\u00eat local, c&rsquo;est pourquoi elle est prot\u00e9g\u00e9e par la r\u00e9glementation de l&rsquo;urbanisme.<\/p>\n","protected":false},"author":3,"featured_media":1447,"parent":0,"menu_order":0,"comment_status":"closed","ping_status":"closed","template":"","meta":{"_acf_changed":false,"footnotes":""},"class_list":["post-1805","page","type-page","status-publish","has-post-thumbnail","hentry"],"acf":[],"_links":{"self":[{"href":"https:\/\/latorredelcodina.com\/fr\/wp-json\/wp\/v2\/pages\/1805","targetHints":{"allow":["GET"]}}],"collection":[{"href":"https:\/\/latorredelcodina.com\/fr\/wp-json\/wp\/v2\/pages"}],"about":[{"href":"https:\/\/latorredelcodina.com\/fr\/wp-json\/wp\/v2\/types\/page"}],"author":[{"embeddable":true,"href":"https:\/\/latorredelcodina.com\/fr\/wp-json\/wp\/v2\/users\/3"}],"replies":[{"embeddable":true,"href":"https:\/\/latorredelcodina.com\/fr\/wp-json\/wp\/v2\/comments?post=1805"}],"version-history":[{"count":0,"href":"https:\/\/latorredelcodina.com\/fr\/wp-json\/wp\/v2\/pages\/1805\/revisions"}],"wp:featuredmedia":[{"embeddable":true,"href":"https:\/\/latorredelcodina.com\/fr\/wp-json\/wp\/v2\/media\/1447"}],"wp:attachment":[{"href":"https:\/\/latorredelcodina.com\/fr\/wp-json\/wp\/v2\/media?parent=1805"}],"curies":[{"name":"wp","href":"https:\/\/api.w.org\/{rel}","templated":true}]}}