{"id":1806,"date":"2024-10-13T19:43:51","date_gmt":"2024-10-13T17:43:51","guid":{"rendered":"https:\/\/latorredelcodina.com\/histoire\/"},"modified":"2024-10-13T19:43:51","modified_gmt":"2024-10-13T17:43:51","slug":"histoire","status":"publish","type":"page","link":"https:\/\/latorredelcodina.com\/fr\/histoire\/","title":{"rendered":"histoire"},"content":{"rendered":"<p>Les aspirants de marine y s\u00e9journaient g\u00e9n\u00e9ralement, il y avait des alc\u00f4ves pour les porteurs et les propri\u00e9taires y s\u00e9journaient sporadiquement. Des dizaines de moissonneurs et moissonneurs s&rsquo;y abritaient \u00e9galement lors des vendanges et des vendanges. Le b\u00e2timent a \u00e9t\u00e9 r\u00e9nov\u00e9 au fil du temps. Ce dernier &#8211; avant de devenir un h\u00e9bergement rural &#8211; date de <strong>la fin du XIXe si\u00e8cle<\/strong> , comme en t\u00e9moigne la porte d&rsquo;entr\u00e9e, qui se trouve aujourd&rsquo;hui dans le hall, avec l&rsquo;inscription <strong>\u00ab\u00a0DJ CODINA 1891\u00a0\u00bb.<\/strong> Sur le linteau de pierre de l&rsquo;entr\u00e9e se trouve une autre date importante, <strong>le 7 octobre 1753<\/strong> , qui est la f\u00eate de <strong>Notre-Dame du Roser<\/strong> . La paroisse de Sant Pere del Talladell poss\u00e8de une chapelle d\u00e9di\u00e9e \u00e0 cette vierge et, ce dimanche du XVIIIe si\u00e8cle, la restauration de la tour \u00e9tait b\u00e9nie. Les documents de la paroisse de Talladell mentionnent le lieu <strong>en 1708 comme Torre de Reixachs<\/strong> et en 1738 comme Torre del Codina. La Tour a \u00e9t\u00e9 habit\u00e9e jusqu&rsquo;aux grandes chutes de neige de f\u00e9vrier 1944. La Torre del Codina, r\u00e9habilit\u00e9e \u00e0 partir de 2007, poss\u00e8de, dans chaque coin de la maison, des pierres qui parlent d&rsquo;une longue histoire. <\/p>\n<p>&nbsp;<\/p>\n<p><iframe loading=\"lazy\" title=\"Lecteur vid\u00e9o YouTube\" src=\"https:\/\/www.youtube.com\/embed\/rZfQgvFta0k?si=10MlnIJ7ZMSRRbGy\" width=\"560\" height=\"315\" frameborder=\"0\" allowfullscreen=\"allowfullscreen\"><\/iframe><\/p>\n","protected":false},"excerpt":{"rendered":"<p>La Torre del Codina est un b\u00e2timent du XVIIe si\u00e8cle, qui a \u00e9t\u00e9 construit pour servir d&rsquo;auberge pour les cochers et en m\u00eame temps pour \u00eatre une ferme agricole et d&rsquo;\u00e9levage.<\/p>\n","protected":false},"author":3,"featured_media":1342,"parent":0,"menu_order":0,"comment_status":"closed","ping_status":"closed","template":"","meta":{"_acf_changed":false,"footnotes":""},"class_list":["post-1806","page","type-page","status-publish","has-post-thumbnail","hentry"],"acf":[],"_links":{"self":[{"href":"https:\/\/latorredelcodina.com\/fr\/wp-json\/wp\/v2\/pages\/1806","targetHints":{"allow":["GET"]}}],"collection":[{"href":"https:\/\/latorredelcodina.com\/fr\/wp-json\/wp\/v2\/pages"}],"about":[{"href":"https:\/\/latorredelcodina.com\/fr\/wp-json\/wp\/v2\/types\/page"}],"author":[{"embeddable":true,"href":"https:\/\/latorredelcodina.com\/fr\/wp-json\/wp\/v2\/users\/3"}],"replies":[{"embeddable":true,"href":"https:\/\/latorredelcodina.com\/fr\/wp-json\/wp\/v2\/comments?post=1806"}],"version-history":[{"count":0,"href":"https:\/\/latorredelcodina.com\/fr\/wp-json\/wp\/v2\/pages\/1806\/revisions"}],"wp:featuredmedia":[{"embeddable":true,"href":"https:\/\/latorredelcodina.com\/fr\/wp-json\/wp\/v2\/media\/1342"}],"wp:attachment":[{"href":"https:\/\/latorredelcodina.com\/fr\/wp-json\/wp\/v2\/media?parent=1806"}],"curies":[{"name":"wp","href":"https:\/\/api.w.org\/{rel}","templated":true}]}}