{"id":1807,"date":"2024-10-13T19:45:03","date_gmt":"2024-10-13T17:45:03","guid":{"rendered":"https:\/\/latorredelcodina.com\/centre-dinterpretation-de-la-vie-rurale\/"},"modified":"2024-10-13T19:45:03","modified_gmt":"2024-10-13T17:45:03","slug":"centre-dinterpretation-de-la-vie-rurale","status":"publish","type":"page","link":"https:\/\/latorredelcodina.com\/fr\/centre-dinterpretation-de-la-vie-rurale\/","title":{"rendered":"Centre d&rsquo;interpr\u00e9tation de la vie rurale"},"content":{"rendered":"<p>La maison dispose d&rsquo;une <strong>citerne<\/strong> qui r\u00e9cup\u00e8re l&rsquo;eau de pluie, de la cave pour stocker le vin, de l&rsquo;\u00e9table o\u00f9 \u00e9taient gard\u00e9es les b\u00eates de somme, du corral pour le b\u00e9tail et le troupeau, des cuves et trullos pour le vin et les c\u00e9r\u00e9ales, du four \u00e0 pain, de l&rsquo;\u00e9vier. pour stocker l&rsquo;huile. La place conserve les salles \u00e0 manger en pierre taill\u00e9e ; les coupelles conservent leur structure d&rsquo;origine et dans la citerne on peut voir les colonnes montantes du puits pour faire monter l&rsquo;eau. L&rsquo;ensemble des espaces et des b\u00e2timents de la Torre del Codina a une claire fonctionnalit\u00e9 productive et d\u00e9fensive. Ferm\u00e9 sur les quatre c\u00f4t\u00e9s, c&rsquo;\u00e9tait un b\u00e2timent facile \u00e0 prot\u00e9ger. Sa situation privil\u00e9gi\u00e9e et visible de plusieurs endroits, lui permet d&rsquo;avoir un contact visuel avec d&rsquo;autres lieux habit\u00e9s de l&rsquo;environnement. Actuellement, toutes les cultures de la ferme sont <a href=\"http:\/\/www.ccpae.org\/\" target=\"_blank\" rel=\"noopener\">une production agricole \u00e9cologique certifi\u00e9e.<\/a> <\/p>\n<p><iframe loading=\"lazy\" title=\"Lecteur vid\u00e9o YouTube\" src=\"https:\/\/www.youtube.com\/embed\/rZfQgvFta0k?si=rlUmA9eNFcXwGozI\" width=\"560\" height=\"315\" frameborder=\"0\" allowfullscreen=\"allowfullscreen\"><\/iframe><\/p>\n","protected":false},"excerpt":{"rendered":"<p>L&rsquo;espace nous aide \u00e0 interpr\u00e9ter la fa\u00e7on dont les gens vivaient il y a plus de cent ans.<\/p>\n","protected":false},"author":3,"featured_media":1432,"parent":0,"menu_order":0,"comment_status":"closed","ping_status":"closed","template":"","meta":{"_acf_changed":false,"footnotes":""},"class_list":["post-1807","page","type-page","status-publish","has-post-thumbnail","hentry"],"acf":[],"_links":{"self":[{"href":"https:\/\/latorredelcodina.com\/fr\/wp-json\/wp\/v2\/pages\/1807","targetHints":{"allow":["GET"]}}],"collection":[{"href":"https:\/\/latorredelcodina.com\/fr\/wp-json\/wp\/v2\/pages"}],"about":[{"href":"https:\/\/latorredelcodina.com\/fr\/wp-json\/wp\/v2\/types\/page"}],"author":[{"embeddable":true,"href":"https:\/\/latorredelcodina.com\/fr\/wp-json\/wp\/v2\/users\/3"}],"replies":[{"embeddable":true,"href":"https:\/\/latorredelcodina.com\/fr\/wp-json\/wp\/v2\/comments?post=1807"}],"version-history":[{"count":0,"href":"https:\/\/latorredelcodina.com\/fr\/wp-json\/wp\/v2\/pages\/1807\/revisions"}],"wp:featuredmedia":[{"embeddable":true,"href":"https:\/\/latorredelcodina.com\/fr\/wp-json\/wp\/v2\/media\/1432"}],"wp:attachment":[{"href":"https:\/\/latorredelcodina.com\/fr\/wp-json\/wp\/v2\/media?parent=1807"}],"curies":[{"name":"wp","href":"https:\/\/api.w.org\/{rel}","templated":true}]}}