{"id":1808,"date":"2024-10-13T19:44:25","date_gmt":"2024-10-13T17:44:25","guid":{"rendered":"https:\/\/latorredelcodina.com\/centre-dinterpretation-des-energies-alternatives\/"},"modified":"2024-10-13T19:44:25","modified_gmt":"2024-10-13T17:44:25","slug":"centre-dinterpretation-des-energies-alternatives","status":"publish","type":"page","link":"https:\/\/latorredelcodina.com\/fr\/centre-dinterpretation-des-energies-alternatives\/","title":{"rendered":"Centre d&rsquo;interpr\u00e9tation des \u00e9nergies alternatives"},"content":{"rendered":"<p>Une bonne partie de l\u2019\u00e9nergie qu\u2019elle consomme est g\u00e9n\u00e9r\u00e9e gr\u00e2ce <strong>aux \u00e9nergies renouvelables<\/strong> (\u00e9oliennes, photovolta\u00efques et thermiques). Une grande partie de l&rsquo;eau destin\u00e9e aux usages sanitaires provient de l&rsquo;eau de pluie collect\u00e9e dans la grande citerne en pierre. Le chauffage et l&rsquo;eau chaude utilisent l&rsquo;\u00e9nergie des <strong>panneaux solaires thermiques<\/strong> et de la <strong>chaudi\u00e8re \u00e0 biomasse.<\/strong> Malgr\u00e9 les limitations de la consommation \u00e9lectrique de la maison, c&rsquo;est un plaisir de pouvoir profiter d&rsquo;une maison tr\u00e8s proche du <a href=\"https:\/\/www.un.org\/en\/climatechange\/net-zero-coalition\" target=\"_blank\" rel=\"noopener\">z\u00e9ro \u00e9mission.<\/a> Vous pouvez demander une <strong>visite guid\u00e9e<\/strong> des installations. Jaume se fera un plaisir de vous servir!<\/p>\n<p><iframe loading=\"lazy\" title=\"Lecteur vid\u00e9o YouTube\" src=\"https:\/\/www.youtube.com\/embed\/CxtCWsWKdzQ?si=Rjynzz9MkZpDdEjs\" width=\"560\" height=\"315\" frameborder=\"0\" allowfullscreen=\"allowfullscreen\"><\/iframe><\/p>\n","protected":false},"excerpt":{"rendered":"<p>L&rsquo;un des \u00e9l\u00e9ments qui caract\u00e9rise la Torre del Codina est sa totale ind\u00e9pendance \u00e9nerg\u00e9tique.<\/p>\n","protected":false},"author":3,"featured_media":1405,"parent":0,"menu_order":0,"comment_status":"closed","ping_status":"closed","template":"","meta":{"_acf_changed":false,"footnotes":""},"class_list":["post-1808","page","type-page","status-publish","has-post-thumbnail","hentry"],"acf":[],"_links":{"self":[{"href":"https:\/\/latorredelcodina.com\/fr\/wp-json\/wp\/v2\/pages\/1808","targetHints":{"allow":["GET"]}}],"collection":[{"href":"https:\/\/latorredelcodina.com\/fr\/wp-json\/wp\/v2\/pages"}],"about":[{"href":"https:\/\/latorredelcodina.com\/fr\/wp-json\/wp\/v2\/types\/page"}],"author":[{"embeddable":true,"href":"https:\/\/latorredelcodina.com\/fr\/wp-json\/wp\/v2\/users\/3"}],"replies":[{"embeddable":true,"href":"https:\/\/latorredelcodina.com\/fr\/wp-json\/wp\/v2\/comments?post=1808"}],"version-history":[{"count":0,"href":"https:\/\/latorredelcodina.com\/fr\/wp-json\/wp\/v2\/pages\/1808\/revisions"}],"wp:featuredmedia":[{"embeddable":true,"href":"https:\/\/latorredelcodina.com\/fr\/wp-json\/wp\/v2\/media\/1405"}],"wp:attachment":[{"href":"https:\/\/latorredelcodina.com\/fr\/wp-json\/wp\/v2\/media?parent=1808"}],"curies":[{"name":"wp","href":"https:\/\/api.w.org\/{rel}","templated":true}]}}