{"id":1811,"date":"2024-10-13T19:44:06","date_gmt":"2024-10-13T17:44:06","guid":{"rendered":"https:\/\/latorredelcodina.com\/emplacement\/"},"modified":"2024-11-07T19:34:50","modified_gmt":"2024-11-07T17:34:50","slug":"emplacement","status":"publish","type":"page","link":"https:\/\/latorredelcodina.com\/fr\/emplacement\/","title":{"rendered":"emplacement"},"content":{"rendered":"<p>La Torre del Codina est situ\u00e9e au sud de la vieille ville de <strong>Talladell<\/strong> , \u00e0 4 km du village &#8211; dans la commune de <strong>T\u00e0rrega<\/strong> -, \u00e0 la fronti\u00e8re des comt\u00e9s de la Segarra et de l&rsquo;Urgell.<\/p>\n<p>Le point de d\u00e9part est connu sous le nom de <strong>La Putxa<\/strong> et est situ\u00e9 \u00e0 c\u00f4t\u00e9 de l&rsquo; <strong>ancienne route de Granyena.<\/strong><\/p>\n<p>Il est situ\u00e9 \u00e0 480 m\u00e8tres d&rsquo;altitude, au sein de l&rsquo; <a href=\"https:\/\/ca.wikipedia.org\/wiki\/Espai_Natural_Protegit_de_Granyena\" target=\"_blank\" rel=\"noopener\">Espace Naturel Prot\u00e9g\u00e9 de Granyena<\/a> , du <strong>R\u00e9seau Natura 2000<\/strong> , dans une situation g\u00e9ographique privil\u00e9gi\u00e9e d&rsquo;une grande valeur ornithologique, environnementale et paysag\u00e8re.<\/p>\n<p>Des vues spectaculaires \u00e0 360\u00ba peuvent \u00eatre vues depuis la maison. Au nord, les <strong>Pyr\u00e9n\u00e9es<\/strong> , depuis Port del Compte jusqu&rsquo;aux Pyr\u00e9n\u00e9es de Huesca ; \u00e0 l&rsquo;ouest, la vaste plaine de l&rsquo; <a href=\"https:\/\/turismeurgell.cat\/\" target=\"_blank\" rel=\"noopener\"><strong>Urgell<\/strong><\/a> , au sud, la Sierra del Tallat et \u00e0 l&rsquo;est, les hauts plateaux de <a href=\"http:\/\/www.lasegarra.org\/\" target=\"_blank\" rel=\"noopener\"><strong>la Segarra<\/strong><\/a> . <\/p>\n<p>Le <strong>paysage et les vues<\/strong> de Torre del Codina sont uniques et extraordinaires.<\/p>\n<p>Les images <strong>valent plus que mille mots.<\/strong><\/p>\n&#13;\n<p><iframe loading=\"lazy\" style=\"border: 0;\" src=\"https:\/\/www.google.com\/maps\/embed?pb=!1m18!1m12!1m3!1d2982.383742560752!2d1.1816997999999999!3d41.6258361!2m3!1f0!2f0!3f0!3m2!1i1024!2i768!4f13.1!3m3!1m2!1s0x12a69fafa72e876f%3A0x395ceab037ac0848!2sLa%20Torre%20del%20Codina!5e0!3m2!1sca!2ses!4v1730629570406!5m2!1sca!2ses\" width=\"800\" height=\"600\" allowfullscreen=\"allowfullscreen\"><\/iframe><\/p>&#13;\n","protected":false},"excerpt":{"rendered":"<p>La Torre del Codina est situ\u00e9e au sud de la vieille ville de Talladell, \u00e0 4 km du village &#8211; dans la commune de T\u00e0rrega.<\/p>\n","protected":false},"author":3,"featured_media":1390,"parent":0,"menu_order":0,"comment_status":"closed","ping_status":"closed","template":"","meta":{"_acf_changed":false,"footnotes":""},"class_list":["post-1811","page","type-page","status-publish","has-post-thumbnail","hentry"],"acf":[],"_links":{"self":[{"href":"https:\/\/latorredelcodina.com\/fr\/wp-json\/wp\/v2\/pages\/1811","targetHints":{"allow":["GET"]}}],"collection":[{"href":"https:\/\/latorredelcodina.com\/fr\/wp-json\/wp\/v2\/pages"}],"about":[{"href":"https:\/\/latorredelcodina.com\/fr\/wp-json\/wp\/v2\/types\/page"}],"author":[{"embeddable":true,"href":"https:\/\/latorredelcodina.com\/fr\/wp-json\/wp\/v2\/users\/3"}],"replies":[{"embeddable":true,"href":"https:\/\/latorredelcodina.com\/fr\/wp-json\/wp\/v2\/comments?post=1811"}],"version-history":[{"count":1,"href":"https:\/\/latorredelcodina.com\/fr\/wp-json\/wp\/v2\/pages\/1811\/revisions"}],"predecessor-version":[{"id":1812,"href":"https:\/\/latorredelcodina.com\/fr\/wp-json\/wp\/v2\/pages\/1811\/revisions\/1812"}],"wp:featuredmedia":[{"embeddable":true,"href":"https:\/\/latorredelcodina.com\/fr\/wp-json\/wp\/v2\/media\/1390"}],"wp:attachment":[{"href":"https:\/\/latorredelcodina.com\/fr\/wp-json\/wp\/v2\/media?parent=1811"}],"curies":[{"name":"wp","href":"https:\/\/api.w.org\/{rel}","templated":true}]}}