{"id":1813,"date":"2024-10-13T19:46:38","date_gmt":"2024-10-13T17:46:38","guid":{"rendered":"https:\/\/latorredelcodina.com\/projet-osmie\/"},"modified":"2024-10-13T19:46:38","modified_gmt":"2024-10-13T17:46:38","slug":"projet-osmie","status":"publish","type":"page","link":"https:\/\/latorredelcodina.com\/fr\/projet-osmie\/","title":{"rendered":"Projet Osmie"},"content":{"rendered":"<p><a href=\"https:\/\/ruralcat.gencat.cat\/documents\/20181\/4633934\/010_CREAF_Osmia_2017_2019\/1451b44c-4887-468a-a324-66a0437acbb3\" target=\"_blank\" rel=\"noopener\">Osmia cornuta<\/a> est une <strong>abeille solitaire indig\u00e8ne<\/strong> , pr\u00e9sente sur une grande partie du territoire catalan. C&rsquo;est une esp\u00e8ce tr\u00e8s efficace comme <a href=\"https:\/\/ruralcat.gencat.cat\/documents\/20181\/4633934\/010_CREAF_Osmia_2017_2019\/1451b44c-4887-468a-a324-66a0437acbb3\" target=\"_blank\" rel=\"noopener\">pollinisateur des arbres fruitiers<\/a> et de toutes sortes de <strong>fleurs sauvages.<\/strong> Les osmies, conventionnellement appel\u00e9es <strong>abeilles printani\u00e8res<\/strong> , sont des insectes solitaires qui ne piquent pas, issus de la famille des ouvri\u00e8res, elles ne font pas de ruches ni de colonies, mais construisent <strong>leurs nids<\/strong> g\u00e9n\u00e9ralement dans <strong>de petits roseaux<\/strong> qu&rsquo;elles pr\u00e9parent pour le bien-\u00eatre de leurs petits jusqu&rsquo;\u00e0 ce qu&rsquo;elles soient couvertes. eux avec de la boue. Ils ne <strong>volent qu&rsquo;au printemps<\/strong> , qui co\u00efncide avec la p\u00e9riode de pollinisation des arbres fruitiers. Son efficacit\u00e9 pollinisatrice en a fait le protagoniste d&rsquo;un projet qui favorise <strong>l&rsquo;am\u00e9lioration de la biodiversit\u00e9 des plantes et des insectes<\/strong> de notre environnement. L&rsquo; <a href=\"https:\/\/advecologica.org\/\" target=\"_blank\" rel=\"noopener\">Association pour la Protection des Plantes des d\u00e9partements du Ponent<\/a> a mis \u00e0 la disposition de ceux qui souhaitent collaborer \u00e0 l&rsquo;initiative, <strong>des bo\u00eetes avec des cocons d&rsquo;abeilles<\/strong> . Ces bo\u00eetes doivent \u00eatre orient\u00e9es vers le sud-est et comporter des roseaux o\u00f9 les abeilles <strong>feront leur nid.<\/strong> <\/p>\n","protected":false},"excerpt":{"rendered":"<p>Un h\u00f4tel \u00e0 insectes en pleine nature, o\u00f9 tra\u00eene l&rsquo;Osmia cornuta : une abeille indig\u00e8ne solitaire.<\/p>\n","protected":false},"author":3,"featured_media":1483,"parent":0,"menu_order":0,"comment_status":"closed","ping_status":"closed","template":"","meta":{"_acf_changed":false,"footnotes":""},"class_list":["post-1813","page","type-page","status-publish","has-post-thumbnail","hentry"],"acf":[],"_links":{"self":[{"href":"https:\/\/latorredelcodina.com\/fr\/wp-json\/wp\/v2\/pages\/1813","targetHints":{"allow":["GET"]}}],"collection":[{"href":"https:\/\/latorredelcodina.com\/fr\/wp-json\/wp\/v2\/pages"}],"about":[{"href":"https:\/\/latorredelcodina.com\/fr\/wp-json\/wp\/v2\/types\/page"}],"author":[{"embeddable":true,"href":"https:\/\/latorredelcodina.com\/fr\/wp-json\/wp\/v2\/users\/3"}],"replies":[{"embeddable":true,"href":"https:\/\/latorredelcodina.com\/fr\/wp-json\/wp\/v2\/comments?post=1813"}],"version-history":[{"count":0,"href":"https:\/\/latorredelcodina.com\/fr\/wp-json\/wp\/v2\/pages\/1813\/revisions"}],"wp:featuredmedia":[{"embeddable":true,"href":"https:\/\/latorredelcodina.com\/fr\/wp-json\/wp\/v2\/media\/1483"}],"wp:attachment":[{"href":"https:\/\/latorredelcodina.com\/fr\/wp-json\/wp\/v2\/media?parent=1813"}],"curies":[{"name":"wp","href":"https:\/\/api.w.org\/{rel}","templated":true}]}}