{"id":1814,"date":"2024-11-03T12:13:52","date_gmt":"2024-11-03T10:13:52","guid":{"rendered":"https:\/\/latorredelcodina.com\/four-cuisson-au-feu\/"},"modified":"2024-11-07T19:35:27","modified_gmt":"2024-11-07T17:35:27","slug":"four-cuisson-au-feu","status":"publish","type":"page","link":"https:\/\/latorredelcodina.com\/fr\/four-cuisson-au-feu\/","title":{"rendered":"Four : Cuisson au feu"},"content":{"rendered":"\n<p>L&rsquo;un des attraits de Torre del Codina est que vous pouvez utiliser <strong>le feu de bois de ch\u00eane ou de charbon<\/strong> pour cuire les aliments.<\/p>\n\n<p>La cuisson et la cuisson des aliments comme au XVIIIe si\u00e8cle, sur le grill ou au four \u00e0 pain, rehaussent la saveur des aliments et permettent de vivre une exp\u00e9rience intense et enrichissante.<\/p>\n\n<p><strong>L&rsquo;utilisation du bois<\/strong> pour le feu de sol ou pour le four \u00e0 pain doit \u00eatre communiqu\u00e9e \u00e0 l&rsquo;avance \u00e0 la propri\u00e9t\u00e9 et une petite somme vers\u00e9e pour la consommation de bois ou de charbon.<\/p>\n\n<p>Le four a la particularit\u00e9 d&rsquo;\u00eatre <strong>original de 1753<\/strong> et d&rsquo;\u00eatre mis en service comme il y a 270 ans.<\/p>\n","protected":false},"excerpt":{"rendered":"<p>Le four a la particularit\u00e9 d&rsquo;\u00eatre original de 1753.<\/p>\n","protected":false},"author":3,"featured_media":0,"parent":0,"menu_order":0,"comment_status":"closed","ping_status":"closed","template":"","meta":{"_acf_changed":false,"footnotes":""},"class_list":["post-1814","page","type-page","status-publish","hentry"],"acf":[],"_links":{"self":[{"href":"https:\/\/latorredelcodina.com\/fr\/wp-json\/wp\/v2\/pages\/1814","targetHints":{"allow":["GET"]}}],"collection":[{"href":"https:\/\/latorredelcodina.com\/fr\/wp-json\/wp\/v2\/pages"}],"about":[{"href":"https:\/\/latorredelcodina.com\/fr\/wp-json\/wp\/v2\/types\/page"}],"author":[{"embeddable":true,"href":"https:\/\/latorredelcodina.com\/fr\/wp-json\/wp\/v2\/users\/3"}],"replies":[{"embeddable":true,"href":"https:\/\/latorredelcodina.com\/fr\/wp-json\/wp\/v2\/comments?post=1814"}],"version-history":[{"count":1,"href":"https:\/\/latorredelcodina.com\/fr\/wp-json\/wp\/v2\/pages\/1814\/revisions"}],"predecessor-version":[{"id":1815,"href":"https:\/\/latorredelcodina.com\/fr\/wp-json\/wp\/v2\/pages\/1814\/revisions\/1815"}],"wp:attachment":[{"href":"https:\/\/latorredelcodina.com\/fr\/wp-json\/wp\/v2\/media?parent=1814"}],"curies":[{"name":"wp","href":"https:\/\/api.w.org\/{rel}","templated":true}]}}