{"id":1816,"date":"2024-10-13T19:42:47","date_gmt":"2024-10-13T17:42:47","guid":{"rendered":"https:\/\/latorredelcodina.com\/espace-dherbes-aromatiques\/"},"modified":"2024-10-13T19:42:47","modified_gmt":"2024-10-13T17:42:47","slug":"espace-dherbes-aromatiques","status":"publish","type":"page","link":"https:\/\/latorredelcodina.com\/fr\/espace-dherbes-aromatiques\/","title":{"rendered":"Espace d&rsquo;herbes aromatiques"},"content":{"rendered":"<p><strong>Les papillons, comme les abeilles et autres insectes<\/strong> , jouent un r\u00f4le important dans la pollinisation des fruits.<\/p>\n<p> Pour favoriser la pr\u00e9sence de ces insectes autour de Torre del Codina, nous avons plant\u00e9 diff\u00e9rentes <strong>esp\u00e8ces de plantes aromatiques<\/strong> qui attirent les papillons.<\/p>\n<p> Parmi les herbes aromatiques que l&rsquo;on peut trouver figurent <a href=\"https:\/\/ca.wikipedia.org\/wiki\/Farigola\" target=\"_blank\" rel=\"noopener\">le thym<\/a> , <a href=\"https:\/\/ca.wikipedia.org\/wiki\/Esp%C3%ADgol\" target=\"_blank\" rel=\"noopener\">la lavande<\/a> , <a href=\"https:\/\/ca.wikipedia.org\/wiki\/Roman%C3%AD\" target=\"_blank\" rel=\"noopener\">le romarin<\/a> , <a href=\"https:\/\/ca.wikipedia.org\/wiki\/S%C3%A0lvia\" target=\"_blank\" rel=\"noopener\">la sauge<\/a> , le <a href=\"https:\/\/ca.wikipedia.org\/wiki\/Espernallac\" target=\"_blank\" rel=\"noopener\">chardon<\/a> <a href=\"https:\/\/ca.wikipedia.org\/wiki\/Peric%C3%B3_(planta)\" target=\"_blank\" rel=\"noopener\">-Marie ou encore le millepertuis.<\/a><\/p>\n<p> Tous se trouvent dans le jardin et dans les oliveraies devant la maison.<\/p>\n","protected":false},"excerpt":{"rendered":"<p>Un coin pour apprendre et vivre avec la nature. \u00c9quipements durables et autog\u00e9r\u00e9s. <\/p>\n","protected":false},"author":3,"featured_media":1327,"parent":0,"menu_order":0,"comment_status":"closed","ping_status":"closed","template":"","meta":{"_acf_changed":false,"footnotes":""},"class_list":["post-1816","page","type-page","status-publish","has-post-thumbnail","hentry"],"acf":[],"_links":{"self":[{"href":"https:\/\/latorredelcodina.com\/fr\/wp-json\/wp\/v2\/pages\/1816","targetHints":{"allow":["GET"]}}],"collection":[{"href":"https:\/\/latorredelcodina.com\/fr\/wp-json\/wp\/v2\/pages"}],"about":[{"href":"https:\/\/latorredelcodina.com\/fr\/wp-json\/wp\/v2\/types\/page"}],"author":[{"embeddable":true,"href":"https:\/\/latorredelcodina.com\/fr\/wp-json\/wp\/v2\/users\/3"}],"replies":[{"embeddable":true,"href":"https:\/\/latorredelcodina.com\/fr\/wp-json\/wp\/v2\/comments?post=1816"}],"version-history":[{"count":0,"href":"https:\/\/latorredelcodina.com\/fr\/wp-json\/wp\/v2\/pages\/1816\/revisions"}],"wp:featuredmedia":[{"embeddable":true,"href":"https:\/\/latorredelcodina.com\/fr\/wp-json\/wp\/v2\/media\/1327"}],"wp:attachment":[{"href":"https:\/\/latorredelcodina.com\/fr\/wp-json\/wp\/v2\/media?parent=1816"}],"curies":[{"name":"wp","href":"https:\/\/api.w.org\/{rel}","templated":true}]}}