{"id":1818,"date":"2024-10-13T19:07:39","date_gmt":"2024-10-13T17:07:39","guid":{"rendered":"https:\/\/latorredelcodina.com\/chambres-et-espaces\/"},"modified":"2024-10-13T19:07:39","modified_gmt":"2024-10-13T17:07:39","slug":"chambres-et-espaces","status":"publish","type":"page","link":"https:\/\/latorredelcodina.com\/fr\/chambres-et-espaces\/","title":{"rendered":"Chambres et espaces"},"content":{"rendered":"<h2>Chambre La Mora<\/h2>\n<p>Deux lits simples et un extra large. Chambre triple avec salle de bain, douche et t\u00e9l\u00e9vision. Espace \u00e0 l&rsquo;ambiance rustique avec des meubles anciens et une ambiance cosy. Il dispose d&rsquo;une couverture Wi-Fi, du chauffage et de l&rsquo;eau chaude, de la t\u00e9l\u00e9vision et de la lumi\u00e8re naturelle de la fen\u00eatre donnant sur la cour de Torre del Codina.<\/p>\n<p>&nbsp;<\/p>\n<h2>Chambre Verdu<\/h2>\n<p>Trois lits simples. Chambre triple avec salle de bain, douche et t\u00e9l\u00e9vision. Espace qui allie l&rsquo;ambiance rustique des poutres en bois et des pierres apparentes, avec un mobilier moderne et fonctionnel. Il dispose d&rsquo;une couverture SmartTv, du wifi, du chauffage et de l&rsquo;eau chaude, de la t\u00e9l\u00e9vision et de la lumi\u00e8re naturelle depuis la fen\u00eatre donnant sur le patio de La Torre del Codina.<\/p>\n<p>&nbsp;<\/p>\n<h2>Chambre T\u00e0rrega<\/h2>\n<p>Deux lits simples. Chambre double avec salle de bain, douche et t\u00e9l\u00e9vision. Espace rustique et moderne avec un mobilier moderne et fonctionnel. Vues fabuleuses vers le nord depuis la fen\u00eatre de la douche et de la salle de bain. Il dispose d&rsquo;une couverture SmartTv, du wifi, du chauffage et de l&rsquo;eau chaude, de la t\u00e9l\u00e9vision et de la lumi\u00e8re naturelle depuis la fen\u00eatre donnant sur la cour de La Torre del Codina.<\/p>\n","protected":false},"excerpt":{"rendered":"<p>Architecture traditionnelle et design innovant, dans une symphonie sans pr\u00e9c\u00e9dent de sensibilit\u00e9 et de sagesse.<\/p>\n","protected":false},"author":3,"featured_media":0,"parent":0,"menu_order":0,"comment_status":"closed","ping_status":"closed","template":"","meta":{"_acf_changed":false,"footnotes":""},"class_list":["post-1818","page","type-page","status-publish","hentry"],"acf":[],"_links":{"self":[{"href":"https:\/\/latorredelcodina.com\/fr\/wp-json\/wp\/v2\/pages\/1818","targetHints":{"allow":["GET"]}}],"collection":[{"href":"https:\/\/latorredelcodina.com\/fr\/wp-json\/wp\/v2\/pages"}],"about":[{"href":"https:\/\/latorredelcodina.com\/fr\/wp-json\/wp\/v2\/types\/page"}],"author":[{"embeddable":true,"href":"https:\/\/latorredelcodina.com\/fr\/wp-json\/wp\/v2\/users\/3"}],"replies":[{"embeddable":true,"href":"https:\/\/latorredelcodina.com\/fr\/wp-json\/wp\/v2\/comments?post=1818"}],"version-history":[{"count":0,"href":"https:\/\/latorredelcodina.com\/fr\/wp-json\/wp\/v2\/pages\/1818\/revisions"}],"wp:attachment":[{"href":"https:\/\/latorredelcodina.com\/fr\/wp-json\/wp\/v2\/media?parent=1818"}],"curies":[{"name":"wp","href":"https:\/\/api.w.org\/{rel}","templated":true}]}}