{"id":1819,"date":"2024-10-13T19:41:08","date_gmt":"2024-10-13T17:41:08","guid":{"rendered":"https:\/\/latorredelcodina.com\/salon-salle-a-manger-cuisine-et-foyer\/"},"modified":"2024-10-13T19:41:08","modified_gmt":"2024-10-13T17:41:08","slug":"salon-salle-a-manger-cuisine-et-foyer","status":"publish","type":"page","link":"https:\/\/latorredelcodina.com\/fr\/salon-salle-a-manger-cuisine-et-foyer\/","title":{"rendered":"Salon, salle \u00e0 manger, cuisine et foyer"},"content":{"rendered":"<p>L&rsquo;ancien corral est aujourd&rsquo;hui un salon spacieux avec cha\u00eene st\u00e9r\u00e9o et t\u00e9l\u00e9vision, salle \u00e0 manger enti\u00e8rement \u00e9quip\u00e9e avec table et meubles pour 15 personnes, avec cuisine et feu au sol pour cuisiner. Orient\u00e9 au sud, il dispose d&rsquo;une splendide entr\u00e9e de lumi\u00e8re naturelle et a un acc\u00e8s direct au patio int\u00e9rieur ainsi qu&rsquo;aux toilettes et douche du rez-de-chauss\u00e9e. La cuisine est \u00e9quip\u00e9e de deux r\u00e9frig\u00e9rateurs-cong\u00e9lateurs, d&rsquo;un lave-vaisselle, d&rsquo;un micro-ondes, d&rsquo;un chauffe-eau, d&rsquo;un grille-pain, d&rsquo;un presse-agrumes et d&rsquo;une cafeti\u00e8re. Une ancienne cuisine \u00e9conomique y a \u00e9galement \u00e9t\u00e9 r\u00e9habilit\u00e9e. Dans le cellier, vous trouverez la machine \u00e0 laver.<\/p>\n","protected":false},"excerpt":{"rendered":"<p>Tout le confort pour un s\u00e9jour confortable.<\/p>\n","protected":false},"author":3,"featured_media":1267,"parent":0,"menu_order":0,"comment_status":"closed","ping_status":"closed","template":"","meta":{"_acf_changed":false,"footnotes":""},"class_list":["post-1819","page","type-page","status-publish","has-post-thumbnail","hentry"],"acf":[],"_links":{"self":[{"href":"https:\/\/latorredelcodina.com\/fr\/wp-json\/wp\/v2\/pages\/1819","targetHints":{"allow":["GET"]}}],"collection":[{"href":"https:\/\/latorredelcodina.com\/fr\/wp-json\/wp\/v2\/pages"}],"about":[{"href":"https:\/\/latorredelcodina.com\/fr\/wp-json\/wp\/v2\/types\/page"}],"author":[{"embeddable":true,"href":"https:\/\/latorredelcodina.com\/fr\/wp-json\/wp\/v2\/users\/3"}],"replies":[{"embeddable":true,"href":"https:\/\/latorredelcodina.com\/fr\/wp-json\/wp\/v2\/comments?post=1819"}],"version-history":[{"count":0,"href":"https:\/\/latorredelcodina.com\/fr\/wp-json\/wp\/v2\/pages\/1819\/revisions"}],"wp:featuredmedia":[{"embeddable":true,"href":"https:\/\/latorredelcodina.com\/fr\/wp-json\/wp\/v2\/media\/1267"}],"wp:attachment":[{"href":"https:\/\/latorredelcodina.com\/fr\/wp-json\/wp\/v2\/media?parent=1819"}],"curies":[{"name":"wp","href":"https:\/\/api.w.org\/{rel}","templated":true}]}}