{"id":1820,"date":"2024-10-13T19:40:39","date_gmt":"2024-10-13T17:40:39","guid":{"rendered":"https:\/\/latorredelcodina.com\/terrasse-et-barbecue\/"},"modified":"2024-10-13T19:40:39","modified_gmt":"2024-10-13T17:40:39","slug":"terrasse-et-barbecue","status":"publish","type":"page","link":"https:\/\/latorredelcodina.com\/fr\/terrasse-et-barbecue\/","title":{"rendered":"Terrasse et barbecue"},"content":{"rendered":"<p>La cour de la maison est le <strong>premier endroit<\/strong> o\u00f9 l&rsquo;on entre dans le complexe <a href=\"https:\/\/g.page\/torredelcodina?share\" target=\"_blank\" rel=\"noopener\">Torre del Codina<\/a> . De cet espace clos de murs en pierre on per\u00e7oit le <strong>caract\u00e8re d\u00e9fensif de la maison.<\/strong> En entrant \u00e0 gauche, nous avons le <strong>barbecue<\/strong> au charbon de bois et le stockage <strong>de la salle des machines<\/strong> , les toilettes et la douche au rez-de-chauss\u00e9e et l&rsquo;espace couvert de la petite <strong>piscine d&rsquo;\u00e9t\u00e9.<\/strong> En face on voit les belles <strong>arcades de l&rsquo;ancien corral<\/strong> , qui est aujourd&rsquo;hui un grand salon, avec la <strong>salle \u00e0 manger<\/strong> , la <strong>cuisine<\/strong> et la <strong>chemin\u00e9e.<\/strong> A droite on se dirige vers l&rsquo;entr\u00e9e de la maison au dallage en pierre noble, et plus \u00e0 droite l&rsquo;acc\u00e8s aux cuves o\u00f9 <a href=\"\/vi-elaborat-a-la-torre-del-codina\/\">\u00e9tait \u00e9labor\u00e9 et est encore \u00e9labor\u00e9 le vin du domaine.<\/a> <\/p>\n","protected":false},"excerpt":{"rendered":"<p>Salon de jardin et barbecue.<\/p>\n","protected":false},"author":3,"featured_media":1270,"parent":0,"menu_order":0,"comment_status":"closed","ping_status":"closed","template":"","meta":{"_acf_changed":false,"footnotes":""},"class_list":["post-1820","page","type-page","status-publish","has-post-thumbnail","hentry"],"acf":[],"_links":{"self":[{"href":"https:\/\/latorredelcodina.com\/fr\/wp-json\/wp\/v2\/pages\/1820","targetHints":{"allow":["GET"]}}],"collection":[{"href":"https:\/\/latorredelcodina.com\/fr\/wp-json\/wp\/v2\/pages"}],"about":[{"href":"https:\/\/latorredelcodina.com\/fr\/wp-json\/wp\/v2\/types\/page"}],"author":[{"embeddable":true,"href":"https:\/\/latorredelcodina.com\/fr\/wp-json\/wp\/v2\/users\/3"}],"replies":[{"embeddable":true,"href":"https:\/\/latorredelcodina.com\/fr\/wp-json\/wp\/v2\/comments?post=1820"}],"version-history":[{"count":0,"href":"https:\/\/latorredelcodina.com\/fr\/wp-json\/wp\/v2\/pages\/1820\/revisions"}],"wp:featuredmedia":[{"embeddable":true,"href":"https:\/\/latorredelcodina.com\/fr\/wp-json\/wp\/v2\/media\/1270"}],"wp:attachment":[{"href":"https:\/\/latorredelcodina.com\/fr\/wp-json\/wp\/v2\/media?parent=1820"}],"curies":[{"name":"wp","href":"https:\/\/api.w.org\/{rel}","templated":true}]}}