{"id":1821,"date":"2024-10-13T19:53:17","date_gmt":"2024-10-13T17:53:17","guid":{"rendered":"https:\/\/latorredelcodina.com\/contact\/"},"modified":"2024-11-07T19:39:59","modified_gmt":"2024-11-07T17:39:59","slug":"contact","status":"publish","type":"page","link":"https:\/\/latorredelcodina.com\/fr\/contact\/","title":{"rendered":"contact"},"content":{"rendered":"\n<p>Courriel\u00a0: <strong>info[@]latorredelcodina.com<\/strong><br\/><\/p>\n\n<p>T\u00e9l\u00e9phone : <a href=\"https:\/\/api.whatsapp.com\/send?phone=+34629770876&amp;text=Vull%20m%C3%A9s%20informaci%C3%B3\" data-type=\"link\" data-id=\"https:\/\/api.whatsapp.com\/send?phone=+34629770876&amp;text=Vull%20m%C3%A9s%20informaci%C3%B3\" target=\"_blank\" rel=\"noreferrer noopener\"><strong>+34 629770876<\/strong><\/a><\/p>\n\n<p>Localisation : <a href=\"https:\/\/goo.gl\/maps\/zTo7WGGTept\" data-type=\"link\" data-id=\"https:\/\/goo.gl\/maps\/zTo7WGGTept\" target=\"_blank\" rel=\"noreferrer noopener\"><strong>Google Maps<\/strong><\/a><\/p>\n\n<p>Liens d&rsquo;int\u00e9r\u00eat :<\/p>\n\n<ul class=\"wp-block-list\">\n<li>Urgences : 112<\/li>\n\n\n\n<li>T\u00e9l\u00e9phone d&rsquo;assistance : +34 629770876<\/li>\n\n\n\n<li>Police : +34 973701650<\/li>\n<\/ul>\n\n<p><\/p>\n","protected":false},"excerpt":{"rendered":"<p>Courriel\u00a0: info[@]latorredelcodina.com T\u00e9l\u00e9phone : +34 629770876 Localisation : Google Maps Liens d&rsquo;int\u00e9r\u00eat :<\/p>\n","protected":false},"author":3,"featured_media":0,"parent":0,"menu_order":0,"comment_status":"closed","ping_status":"closed","template":"","meta":{"_acf_changed":false,"footnotes":""},"class_list":["post-1821","page","type-page","status-publish","hentry"],"acf":[],"_links":{"self":[{"href":"https:\/\/latorredelcodina.com\/fr\/wp-json\/wp\/v2\/pages\/1821","targetHints":{"allow":["GET"]}}],"collection":[{"href":"https:\/\/latorredelcodina.com\/fr\/wp-json\/wp\/v2\/pages"}],"about":[{"href":"https:\/\/latorredelcodina.com\/fr\/wp-json\/wp\/v2\/types\/page"}],"author":[{"embeddable":true,"href":"https:\/\/latorredelcodina.com\/fr\/wp-json\/wp\/v2\/users\/3"}],"replies":[{"embeddable":true,"href":"https:\/\/latorredelcodina.com\/fr\/wp-json\/wp\/v2\/comments?post=1821"}],"version-history":[{"count":1,"href":"https:\/\/latorredelcodina.com\/fr\/wp-json\/wp\/v2\/pages\/1821\/revisions"}],"predecessor-version":[{"id":1822,"href":"https:\/\/latorredelcodina.com\/fr\/wp-json\/wp\/v2\/pages\/1821\/revisions\/1822"}],"wp:attachment":[{"href":"https:\/\/latorredelcodina.com\/fr\/wp-json\/wp\/v2\/media?parent=1821"}],"curies":[{"name":"wp","href":"https:\/\/api.w.org\/{rel}","templated":true}]}}