{"id":1823,"date":"2024-10-13T19:42:23","date_gmt":"2024-10-13T17:42:23","guid":{"rendered":"https:\/\/latorredelcodina.com\/salle-de-jeux\/"},"modified":"2024-11-07T19:39:59","modified_gmt":"2024-11-07T17:39:59","slug":"salle-de-jeux","status":"publish","type":"page","link":"https:\/\/latorredelcodina.com\/fr\/salle-de-jeux\/","title":{"rendered":"Salle de jeux"},"content":{"rendered":"\n<p>La <strong>salle de jeux<\/strong> est situ\u00e9e au m\u00eame endroit o\u00f9 se trouvait autrefois l&rsquo;\u00e9curie ou l&rsquo;\u00e9curie de la maison. Au-dessus de la place vivait la famille de m\u00e9tayers ou d&rsquo;interm\u00e9diaires qui s&rsquo;occupaient de <a href=\"https:\/\/youtu.be\/jpjtxLIWBeI\" target=\"_blank\" rel=\"noreferrer noopener\">La Torre del Codina.<\/a> <\/p>\n\n<p><br\/>L&rsquo; <strong>\u00e9curie<\/strong> \u00e9tait la pi\u00e8ce la plus chaude de la maison en raison de la chaleur g\u00e9n\u00e9r\u00e9e par les b\u00eates de somme (mules, mulets et \u00e2nes) qui y dormaient et o\u00f9 elles se nourrissaient.  <\/p>\n\n<p>Aujourd&rsquo;hui, vous trouverez encore les mangeoires en pierre et certains accessoires pour animaux : les colliers, les lunettes et l&rsquo;oreiller.<\/p>\n\n<p>Actuellement dans la salle nous avons \u00e0 la disposition des clients, <strong>un baby-foot et un billard am\u00e9ricain.<\/strong><\/p>\n","protected":false},"excerpt":{"rendered":"<p>Billard et baby-foot.<\/p>\n","protected":false},"author":3,"featured_media":1297,"parent":0,"menu_order":0,"comment_status":"closed","ping_status":"closed","template":"","meta":{"_acf_changed":false,"footnotes":""},"class_list":["post-1823","page","type-page","status-publish","has-post-thumbnail","hentry"],"acf":[],"_links":{"self":[{"href":"https:\/\/latorredelcodina.com\/fr\/wp-json\/wp\/v2\/pages\/1823","targetHints":{"allow":["GET"]}}],"collection":[{"href":"https:\/\/latorredelcodina.com\/fr\/wp-json\/wp\/v2\/pages"}],"about":[{"href":"https:\/\/latorredelcodina.com\/fr\/wp-json\/wp\/v2\/types\/page"}],"author":[{"embeddable":true,"href":"https:\/\/latorredelcodina.com\/fr\/wp-json\/wp\/v2\/users\/3"}],"replies":[{"embeddable":true,"href":"https:\/\/latorredelcodina.com\/fr\/wp-json\/wp\/v2\/comments?post=1823"}],"version-history":[{"count":1,"href":"https:\/\/latorredelcodina.com\/fr\/wp-json\/wp\/v2\/pages\/1823\/revisions"}],"predecessor-version":[{"id":1824,"href":"https:\/\/latorredelcodina.com\/fr\/wp-json\/wp\/v2\/pages\/1823\/revisions\/1824"}],"wp:featuredmedia":[{"embeddable":true,"href":"https:\/\/latorredelcodina.com\/fr\/wp-json\/wp\/v2\/media\/1297"}],"wp:attachment":[{"href":"https:\/\/latorredelcodina.com\/fr\/wp-json\/wp\/v2\/media?parent=1823"}],"curies":[{"name":"wp","href":"https:\/\/api.w.org\/{rel}","templated":true}]}}