{"id":1825,"date":"2024-10-13T19:47:03","date_gmt":"2024-10-13T17:47:03","guid":{"rendered":"https:\/\/latorredelcodina.com\/evenements\/"},"modified":"2024-11-07T19:40:55","modified_gmt":"2024-11-07T17:40:55","slug":"evenements","status":"publish","type":"page","link":"https:\/\/latorredelcodina.com\/fr\/evenements\/","title":{"rendered":"\u00e9v\u00e9nements"},"content":{"rendered":"\n<p>En plus du service d&rsquo;h\u00e9bergement et de loisirs, la maison rurale de Torre del Codina offre la possibilit\u00e9 d&rsquo;organiser un large \u00e9ventail d&rsquo;\u00e9v\u00e9nements et d&rsquo;activit\u00e9s avec ou sans h\u00e9bergement.  <\/p>\n\n<p>Voici quelques-unes des exp\u00e9riences ou activit\u00e9s que vous pouvez faire\u00a0:<\/p>\n\n<ul class=\"wp-block-list\">\n<li>Sorties, excursions et itin\u00e9raires dans la r\u00e9gion. A pied, \u00e0 v\u00e9lo ou en voiture pour des lieux uniques et exceptionnels que nous vous recommandons. <\/li>\n\n\n\n<li>Observations ornithologiques, botaniques, cerfs-volants, etc.<\/li>\n\n\n\n<li>Organisez des d\u00e9gustations, des d\u00e9gustations et des d\u00e9monstrations de produits pour des clients, des entreprises ou des commerciaux.<\/li>\n\n\n\n<li>S\u00e9ances de travail en entreprise et en association.<\/li>\n\n\n\n<li>Formations, ateliers, r\u00e9unions, etc.<\/li>\n\n\n\n<li>Concerts, performances, retraites litt\u00e9raires,&#8230;<\/li>\n\n\n\n<li>S\u00e9jours de yoga, de relaxation ou de m\u00e9ditation dans un environnement id\u00e9al de paix et de silence en pleine nature.<\/li>\n\n\n\n<li>Exp\u00e9riences gastronomiques en collaboration avec des restaurants.<\/li>\n<\/ul>\n\n<p>Nous pouvons examiner toute autre exp\u00e9rience que vous \u00e9voquez.<\/p>\n\n<p>Pour demander plus d\u2019informations sur l\u2019\u00e9v\u00e9nement ou l\u2019activit\u00e9 que vous souhaitez organiser, <a href=\"https:\/\/latorredelcodina.com\/fr\/contact\/\"><strong>\u00e9crivez-nous.<\/strong><\/a><\/p>\n","protected":false},"excerpt":{"rendered":"<p>\u00c9v\u00e9nements d&rsquo;entreprises et de groupes. S\u00e9jour flexible <\/p>\n","protected":false},"author":3,"featured_media":0,"parent":0,"menu_order":0,"comment_status":"closed","ping_status":"closed","template":"","meta":{"_acf_changed":false,"footnotes":""},"class_list":["post-1825","page","type-page","status-publish","hentry"],"acf":[],"_links":{"self":[{"href":"https:\/\/latorredelcodina.com\/fr\/wp-json\/wp\/v2\/pages\/1825","targetHints":{"allow":["GET"]}}],"collection":[{"href":"https:\/\/latorredelcodina.com\/fr\/wp-json\/wp\/v2\/pages"}],"about":[{"href":"https:\/\/latorredelcodina.com\/fr\/wp-json\/wp\/v2\/types\/page"}],"author":[{"embeddable":true,"href":"https:\/\/latorredelcodina.com\/fr\/wp-json\/wp\/v2\/users\/3"}],"replies":[{"embeddable":true,"href":"https:\/\/latorredelcodina.com\/fr\/wp-json\/wp\/v2\/comments?post=1825"}],"version-history":[{"count":1,"href":"https:\/\/latorredelcodina.com\/fr\/wp-json\/wp\/v2\/pages\/1825\/revisions"}],"predecessor-version":[{"id":1826,"href":"https:\/\/latorredelcodina.com\/fr\/wp-json\/wp\/v2\/pages\/1825\/revisions\/1826"}],"wp:attachment":[{"href":"https:\/\/latorredelcodina.com\/fr\/wp-json\/wp\/v2\/media?parent=1825"}],"curies":[{"name":"wp","href":"https:\/\/api.w.org\/{rel}","templated":true}]}}