{"id":2951,"date":"2024-10-25T18:26:07","date_gmt":"2024-10-25T16:26:07","guid":{"rendered":"https:\/\/latorredelcodina.com\/producte\/gite-rural-la-torre-del-codina\/"},"modified":"2026-01-13T00:27:44","modified_gmt":"2026-01-12T22:27:44","slug":"gite-rural-la-torre-del-codina","status":"publish","type":"product","link":"https:\/\/latorredelcodina.com\/fr\/producte\/gite-rural-la-torre-del-codina\/","title":{"rendered":"G\u00eete rural La Torre del Codina"},"content":{"rendered":"<blockquote><p><strong>R\u00e9servez \u00e0 l&rsquo;avance :<\/strong><br \/>\nPour les paiements en ligne, 25 % du montant total de la r\u00e9servation sera r\u00e9gl\u00e9. Le solde sera r\u00e9gl\u00e9 \u00e0 l&rsquo;arriv\u00e9e au g\u00eete. <\/p><\/blockquote>\n<h2>Tarifs<\/h2>\n<p>Saison normale. TVA incluse. S\u00e9jour minimum de deux nuits.  <\/p>\n<ul>\n<li>Week-end\/deux nuits: <strong>\u20ac 975,00<\/strong><\/li>\n<li>Semaine enti\u00e8re: <strong>\u20ac 1.950,00<\/strong><\/li>\n<li>Un soir\/jour de semaine: <strong>\u20ac 350,00<\/strong><\/li>\n<li>Une nuit de plus: <strong>\u20ac 300,00<\/strong><\/li>\n<li>Une nuit plus festive : <strong>400,00 \u20ac<\/strong><\/li>\n<\/ul>\n<p>Haute saison : P\u00e2ques, Sant Joan, Foire du Th\u00e9\u00e2tre, No\u00ebl et Nouvel An.<\/p>\n<h2>Description<\/h2>\n<ul>\n<li>6 chambres, 12\/15 places<\/li>\n<li>S\u00e9jour minimum : deux nuits<\/li>\n<li>Week-ends et jours f\u00e9ri\u00e9s en semaine minimum trois nuits<\/li>\n<li>Haute saison : No\u00ebl et Nouvel An, P\u00e2ques, Saint-Jean<\/li>\n<li>Une ou deux nuits en semaine, hors jours f\u00e9ri\u00e9s, \u00e0 consulter<\/li>\n<li>Pour 2\/3 chambres&lt; 8 personnes : V\u00e9rifier le prix<\/li>\n<\/ul>\n<h2>Comprend<\/h2>\n<ul>\n<li>Maison enti\u00e8re et ses environs<\/li>\n<li>Bois de chauffage au sol <strong>*<\/strong><\/li>\n<li>Utilisation du four \u00e0 pain, bois de chauffage inclus <strong>*<\/strong><\/li>\n<li>Charbon de bois pour le barbecue *<\/li>\n<li>Sac de charbon de bois pour barbecue en ch\u00eane de 7 kg: \u20ac 20<\/li>\n<li>Sac de charbon de bois pour barbecue de 3 kg: \u20ac 7<\/li>\n<li>Bois de chauffage en ch\u00eane pour la chemin\u00e9e: \u20ac 35<\/li>\n<li>Ensemble de cuisine de base (huile, sel, vinaigre, sucre)<\/li>\n<li>Kit de nettoyage de base (personnel et cuisine)<\/li>\n<li>Linge de lit et serviettes<\/li>\n<li>Interpr\u00e9tation guid\u00e9e de la maison<\/li>\n<li>Possibilit\u00e9 de g\u00e9rer des services de restauration et de guidage touristique <strong>*<\/strong><\/li>\n<\/ul>\n<p><strong>*<\/strong> V\u00e9rifiez les prix.<\/p>\n","protected":false},"excerpt":{"rendered":"<p>R\u00e9servez \u00e0 l&rsquo;avance : Pour les paiements en ligne, 25 % du montant total de la r\u00e9servation sera r\u00e9gl\u00e9. Le solde sera r\u00e9gl\u00e9 \u00e0 l&rsquo;arriv\u00e9e au g\u00eete. Tarifs Saison normale. TVA incluse. S\u00e9jour minimum de deux nuits. Week-end\/deux nuits: \u20ac 975,00 Semaine enti\u00e8re: \u20ac 1.950,00 Un soir\/jour de semaine: \u20ac 350,00 Une nuit de plus: [&hellip;]<\/p>\n","protected":false},"featured_media":1177,"comment_status":"closed","ping_status":"closed","template":"","meta":{"_acf_changed":false},"product_brand":[],"product_cat":[53],"product_tag":[],"class_list":{"0":"post-2951","1":"product","2":"type-product","3":"status-publish","4":"has-post-thumbnail","6":"product_cat-sense-categoria-fr","8":"first","9":"instock","10":"sold-individually","11":"taxable","12":"shipping-taxable","13":"purchasable","14":"product-type-jet_booking"},"acf":[],"_links":{"self":[{"href":"https:\/\/latorredelcodina.com\/fr\/wp-json\/wp\/v2\/product\/2951","targetHints":{"allow":["GET"]}}],"collection":[{"href":"https:\/\/latorredelcodina.com\/fr\/wp-json\/wp\/v2\/product"}],"about":[{"href":"https:\/\/latorredelcodina.com\/fr\/wp-json\/wp\/v2\/types\/product"}],"replies":[{"embeddable":true,"href":"https:\/\/latorredelcodina.com\/fr\/wp-json\/wp\/v2\/comments?post=2951"}],"wp:featuredmedia":[{"embeddable":true,"href":"https:\/\/latorredelcodina.com\/fr\/wp-json\/wp\/v2\/media\/1177"}],"wp:attachment":[{"href":"https:\/\/latorredelcodina.com\/fr\/wp-json\/wp\/v2\/media?parent=2951"}],"wp:term":[{"taxonomy":"product_brand","embeddable":true,"href":"https:\/\/latorredelcodina.com\/fr\/wp-json\/wp\/v2\/product_brand?post=2951"},{"taxonomy":"product_cat","embeddable":true,"href":"https:\/\/latorredelcodina.com\/fr\/wp-json\/wp\/v2\/product_cat?post=2951"},{"taxonomy":"product_tag","embeddable":true,"href":"https:\/\/latorredelcodina.com\/fr\/wp-json\/wp\/v2\/product_tag?post=2951"}],"curies":[{"name":"wp","href":"https:\/\/api.w.org\/{rel}","templated":true}]}}